{"id":28670,"date":"2023-11-02T16:43:23","date_gmt":"2022-06-09T17:50:37","guid":{"rendered":"https:\/\/venilia.insektenschutz365.eu\/p\/klebefolie-obolus-grau\/"},"modified":"2024-09-10T13:48:36","modified_gmt":"2024-09-10T11:48:36","slug":"adhesif-obolus-gris","status":"publish","type":"product","link":"https:\/\/www.venilia.com\/fr\/p\/adhesif-obolus-gris\/","title":{"rendered":"Adh\u00e9sif Obolus Gris"},"content":{"rendered":"<p>Chez Venilia, chaque d\u00e9tail a son importance. Nous vous proposons de nombreux accessoires utiles pour fixer vos nappes et \u00e9viter qu&#39;elles ne s&#39;envolent au premier courant d&#39;air : clips de fixation, poids et nappe&#8230;<\/p>\n","protected":false},"excerpt":{"rendered":"<p>Chez Venilia, chaque d\u00e9tail a son importance. Nous vous proposons de nombreux accessoires utiles pour fixer vos nappes et \u00e9viter qu&#39;elles ne s&#39;envolent au premier courant d&#39;air : clips de fixation, poids et nappe&#8230;<\/p>\n","protected":false},"featured_media":49772,"template":"","meta":[],"product_cat":[909,1501],"product_tag":[],"wcpa_form_fields":null,"tiered_pricing_type":"fixed","tiered_pricing_fixed_rules":[],"_links":{"self":[{"href":"https:\/\/www.venilia.com\/fr\/wp-json\/wp\/v2\/product\/28670"}],"collection":[{"href":"https:\/\/www.venilia.com\/fr\/wp-json\/wp\/v2\/product"}],"about":[{"href":"https:\/\/www.venilia.com\/fr\/wp-json\/wp\/v2\/types\/product"}],"wp:featuredmedia":[{"embeddable":true,"href":"https:\/\/www.venilia.com\/fr\/wp-json\/wp\/v2\/media\/49772"}],"wp:attachment":[{"href":"https:\/\/www.venilia.com\/fr\/wp-json\/wp\/v2\/media?parent=28670"}],"wp:term":[{"taxonomy":"product_cat","embeddable":true,"href":"https:\/\/www.venilia.com\/fr\/wp-json\/wp\/v2\/product_cat?post=28670"},{"taxonomy":"product_tag","embeddable":true,"href":"https:\/\/www.venilia.com\/fr\/wp-json\/wp\/v2\/product_tag?post=28670"}],"curies":[{"name":"wp","href":"https:\/\/api.w.org\/{rel}","templated":true}]}}