{"id":28626,"date":"2023-11-02T16:38:55","date_gmt":"2022-06-09T17:49:58","guid":{"rendered":"https:\/\/venilia.insektenschutz365.eu\/p\/sets-mousse-pvc-3\/"},"modified":"2024-09-10T14:01:04","modified_gmt":"2024-09-10T12:01:04","slug":"set-de-table-lindy-gris-30x43cm-rectangle","status":"publish","type":"product","link":"https:\/\/www.venilia.com\/fr\/p\/set-de-table-lindy-gris-30x43cm-rectangle\/","title":{"rendered":"Set de table Lindy Gris &#8211; 30x43cm, rectangle"},"content":{"rendered":"<p><span style=&quot;font-size:12px&quot;>Les sets de table aux motifs subtils et au dos mouss\u00e9 apportent une touche d\u2019\u00e9l\u00e9gance \u00e0 votre table \u00e0 manger.&nbsp;Au quotidien ou pour une occasion sp\u00e9ciale, ils sont rapidement sortis, ne glissent pas et prot\u00e8gent votre table.<\/span><\/p>\n","protected":false},"excerpt":{"rendered":"<p><UL><LI>Tischset mit dezent elegantem Muster, teilweise mit Pr\u00e4gung<\/LI><LI>schimmernde Oberfl\u00e4che verleiht ein edles Aussehen<\/LI><LI>rutschfest und schonend f\u00fcr den Tisch dank gepolsterter R\u00fcckseite<\/LI><LI>pflegeleicht da gut abwischbare Oberfl\u00e4che<\/LI><LI>passend zu jeder Tischform<\/LI><\/UL><\/p>\n","protected":false},"featured_media":7316,"template":"","meta":[],"product_cat":[927],"product_tag":[],"wcpa_form_fields":null,"tiered_pricing_type":"fixed","tiered_pricing_fixed_rules":[],"_links":{"self":[{"href":"https:\/\/www.venilia.com\/fr\/wp-json\/wp\/v2\/product\/28626"}],"collection":[{"href":"https:\/\/www.venilia.com\/fr\/wp-json\/wp\/v2\/product"}],"about":[{"href":"https:\/\/www.venilia.com\/fr\/wp-json\/wp\/v2\/types\/product"}],"wp:featuredmedia":[{"embeddable":true,"href":"https:\/\/www.venilia.com\/fr\/wp-json\/wp\/v2\/media\/7316"}],"wp:attachment":[{"href":"https:\/\/www.venilia.com\/fr\/wp-json\/wp\/v2\/media?parent=28626"}],"wp:term":[{"taxonomy":"product_cat","embeddable":true,"href":"https:\/\/www.venilia.com\/fr\/wp-json\/wp\/v2\/product_cat?post=28626"},{"taxonomy":"product_tag","embeddable":true,"href":"https:\/\/www.venilia.com\/fr\/wp-json\/wp\/v2\/product_tag?post=28626"}],"curies":[{"name":"wp","href":"https:\/\/api.w.org\/{rel}","templated":true}]}}