{"id":28536,"date":"2023-11-02T16:35:24","date_gmt":"2022-05-31T20:15:26","guid":{"rendered":"https:\/\/venilia.insektenschutz365.eu\/p\/nappe-toile-ciree-filao-140cm-ronde\/"},"modified":"2024-09-10T14:04:11","modified_gmt":"2024-09-10T12:04:11","slug":"nappe-toile-ciree-filao-140cm-ronde","status":"publish","type":"product","link":"https:\/\/www.venilia.com\/fr\/p\/nappe-toile-ciree-filao-140cm-ronde\/","title":{"rendered":"Nappe toile cir\u00e9e Filao &#8211; 140cm, ronde"},"content":{"rendered":"<p>A la recherche d&rsquo;une toile cir\u00e9e r\u00e9sistante et tendance? V\u00e9nilia a pens\u00e9 \u00e0 vous vec cette gamme aux motifs d\u00e9coratifs. Son dos au support non-tiss\u00e9 offre un rendu impeccable et facilite l&rsquo;entretien. De quoi embellir et prot\u00e9g\u00e9er votre table au quotidien!<\/p>\n","protected":false},"excerpt":{"rendered":"<ul>\n<li>Nappe imperm\u00e9able aux liquides<\/li>\n<li>Facile \u00e0 entretenir avec une \u00e9ponge humide<\/li>\n<li>Vernis sp\u00e9cial anti-taches<\/li>\n<li>Film PVC imprim\u00e9 sur l&rsquo;endroit, support non-tiss\u00e9 sur l&rsquo;envers<\/li>\n<li>Certifi\u00e9e contact alimentaire<\/li>\n<\/ul>\n","protected":false},"featured_media":7096,"template":"","meta":[],"product_cat":[930,934],"product_tag":[],"wcpa_form_fields":null,"tiered_pricing_type":"fixed","tiered_pricing_fixed_rules":[],"_links":{"self":[{"href":"https:\/\/www.venilia.com\/fr\/wp-json\/wp\/v2\/product\/28536"}],"collection":[{"href":"https:\/\/www.venilia.com\/fr\/wp-json\/wp\/v2\/product"}],"about":[{"href":"https:\/\/www.venilia.com\/fr\/wp-json\/wp\/v2\/types\/product"}],"wp:featuredmedia":[{"embeddable":true,"href":"https:\/\/www.venilia.com\/fr\/wp-json\/wp\/v2\/media\/7096"}],"wp:attachment":[{"href":"https:\/\/www.venilia.com\/fr\/wp-json\/wp\/v2\/media?parent=28536"}],"wp:term":[{"taxonomy":"product_cat","embeddable":true,"href":"https:\/\/www.venilia.com\/fr\/wp-json\/wp\/v2\/product_cat?post=28536"},{"taxonomy":"product_tag","embeddable":true,"href":"https:\/\/www.venilia.com\/fr\/wp-json\/wp\/v2\/product_tag?post=28536"}],"curies":[{"name":"wp","href":"https:\/\/api.w.org\/{rel}","templated":true}]}}