{"id":28466,"date":"2022-05-31T22:13:55","date_gmt":"2022-05-31T20:13:55","guid":{"rendered":"https:\/\/venilia.insektenschutz365.eu\/p\/adhesif-greenline-slate-grey-45cmx2m\/"},"modified":"2022-06-09T19:48:05","modified_gmt":"2022-06-09T17:48:05","slug":"adhesif-greenline-slate-grey-45cmx2m","status":"publish","type":"product","link":"https:\/\/www.venilia.com\/fr\/p\/adhesif-greenline-slate-grey-45cmx2m\/","title":{"rendered":"Adh\u00e9sif Greenline slate grey &#8211; 45cmx2m"},"content":{"rendered":"<h2>Frischer Wind f\u00fcr Ihre alten M\u00f6bel<\/h2>\n<p>Sie l(i)eben Individualismus und haben auch bei Ihren M\u00f6beln keine Lust auf Einheitsbrei? Mit V\u00e9nilia kein Problem! Aus alten M\u00f6beln werden Ihre ganz eigenen, individuellen Designerst\u00fccke. Da freut sich nicht nur der Geldbeutel, sondern auch die Umwelt. Denn: Alle Folien aus der V\u00e9nilia Greenline Serie bestehen aus 100% recyceltem Plastik.<\/p>\n<p>Ob schlichter Minimalismus, bunte Farben oder moderne Muster \u2013 Sie haben die Wahl!<\/p>\n<h3>REDUCE. REUSE. RECYCLE. UPCYCLE.<\/h3>\n<p>Mit den&nbsp;V\u00e9nilia Greenline Folien geht das jetzt noch nachhaltiger! Sie sind zu&nbsp;100% aus recyceltem Plastik hergestellt, enthalten keine sch\u00e4dlichen Weichmacher&nbsp;und werden in der EU produziert.&nbsp;Ob Pastellfarben, Materialoptik oder schlichte Naturfarben \u2013 hier ist f\u00fcr jeden Geschmack das passende Design dabei.&nbsp;Mit den Dekorfolien V\u00e9nilia lassen sich nicht nur M\u00f6bel upcyceln, sie eignen sich auch perfekt f\u00fcr Bastelarbeiten und Versch\u00f6nerungen jeder Art.&nbsp;<\/p>\n<p>Die 95\u00b5 starken Klebefolien sind robust, leicht anzubringen, abwischbar und hitzeresistent. Sie eignen sich ideal zum Basteln und Bekleben von M\u00f6beln und Oberfl\u00e4chen aller Art, wie z. B. Tabletts, Schmuckk\u00e4sten, Glas, Kartons. Sie sehen nicht nur sch\u00f6n aus, sondern sorgen dank ihrer wasser- und schmutzabweisenden&nbsp;Eigenschaft auch f\u00fcr pflegeleichte M\u00f6bel.<\/p>\n<h3>Anleitung<\/h3>\n<h4>Vorbereitung<\/h4>\n<ul>\n<li>Damit das Projekt gelingt, ist es ratsam, folgende <strong>Hilfsmittel <\/strong>griffbereit zu haben: Unterlage,&nbsp;Schere oder Stanley Messer \/ Cutter (die Klinge sollte scharf sein, damit die Kanten besonders sch\u00f6n und genau werden!), Lineal und zum Glattstreichen eine Rakel (gibt es auch von V\u00e9nilia als Zubeh\u00f6r Set).&nbsp;<\/li>\n<li>Die Oberfl\u00e4chen m\u00fcssen <strong>sauber, trocken und fettfrei<\/strong> sein. Eine Reinigung mit einfachem Sp\u00fcli und Wasser ist meistens ausreichend. Nach dem Trocken kann es losgehen!&nbsp;Nat\u00fcrlich k\u00f6nnen auch raue Oberfl\u00e4chen beklebt werden \u2013 Gips, Zement und Sperrholz sollten aber zuvor mit einem Lack oder Anstrich versehen werden.<\/li>\n<li>Als n\u00e4chstes die Fl\u00e4che ausmessen, die beklebt werden soll und die Folie passend zuschneiden. F\u00fcr eine Fl\u00e4che mit Aussparungen kann eine Vorlage aus Zeitungspapier oder Karton erstellt werden. Diese wird auf die Folienr\u00fcckseite gelegt und als genaue Form \u00fcbertragen und ausgeschnitten.&nbsp;Auf der R\u00fcckseite der Klebefolie ist ein aufgedrucktes Raster, das beim Abmessen und Zuschneiden hilft.<\/li>\n<\/ul>\n<h4>Anbringen der Folie<\/h4>\n<p>Ein ideales Ergebnis erzielen Sie, wenn Sie bei Raumtemperatur arbeiten.&nbsp;Ziehen Sie die Schutzfolie ein St\u00fcck ab und positionieren Sie den Rand vorsichtig. Nun k\u00f6nnen Sie die Folien langsam St\u00fcck f\u00fcr St\u00fcck glattstreichen \u2013 das funktioniert am besten mit einer Rakel.&nbsp;Nachdem Sie die Folie positioniert haben, betr\u00e4gt die Fixierungszeit 20 Minuten. In dieser Zeit k\u00f6nnen Sie Folie noch umkleben, falls sie nicht richtig sitzt oder Luftblasen entstanden sind. Nach der Fixierungszeit h\u00e4lt die Folie. Und wenn Ihnen nach erneuter Ver\u00e4nderung ist&nbsp;\u2013&nbsp;k\u00f6nnen Sie die Folie einfach wieder abmachen!&nbsp;<\/p>\n","protected":false},"excerpt":{"rendered":"<p><UL><LI>AUFH\u00dcBSCHEN, AUFM\u00d6BELN, AUFWERTEN \u2013 Die selbstklebenden M\u00f6belfolien in verschiedenen Designs inspirieren zu fantasievollen Kreationen. Schmucklose, alte oder gebrauchte M\u00f6bel und Gegenst\u00e4nde werden mit etwas Kreativit\u00e4t zu echten Eyecatchern.<\/LI><LI>KLEBEN STATT KLECKERN \u2013 Dekorfolien sind eine l\u00e4ssige Alternative zu Farbe und Pinsel. Easy to use, kann man sie auch auf kleinstem Raum, mit wenig Aufwand, ohne Vorkenntnisse oder besonderes Werkzeug verwenden.<\/LI><LI>REDUCE. REUSE. RECYCLE. \u2013 Die Greenline Dekorfolien bestehen zu 100% aus recyceltem Plastik, sind 95\u00b5 stark, phthalatfrei, geruchsneutral und werden in der EU produziert.<\/LI><LI>PFLEGELEICHT IM ALLTAG \u2013 Die glatte Folienoberfl\u00e4che ist wasser- und schmutzabweisend, einfach zum Abstauben oder Abwischen und sch\u00fctzt den Untergrund vor dem ein oder anderen Kratzer.<\/LI><LI>M\u00dcHELOSE ANWENDUNG AUF OBERFL\u00c4CHEN ALLER ART \u2013 Messen, zuschneiden, Schutzfolie abziehen, positionieren, glattstreichen, 20 Minuten warten \u2013 fertig. Das r\u00fcckseitige Tr\u00e4gerpapier mit Hilfsraster erleichtert die Verarbeitung.<\/LI><\/UL><\/p>\n","protected":false},"featured_media":0,"template":"","meta":[],"product_cat":[909,919],"product_tag":[],"wcpa_form_fields":null,"tiered_pricing_type":"fixed","tiered_pricing_fixed_rules":[],"_links":{"self":[{"href":"https:\/\/www.venilia.com\/fr\/wp-json\/wp\/v2\/product\/28466"}],"collection":[{"href":"https:\/\/www.venilia.com\/fr\/wp-json\/wp\/v2\/product"}],"about":[{"href":"https:\/\/www.venilia.com\/fr\/wp-json\/wp\/v2\/types\/product"}],"wp:attachment":[{"href":"https:\/\/www.venilia.com\/fr\/wp-json\/wp\/v2\/media?parent=28466"}],"wp:term":[{"taxonomy":"product_cat","embeddable":true,"href":"https:\/\/www.venilia.com\/fr\/wp-json\/wp\/v2\/product_cat?post=28466"},{"taxonomy":"product_tag","embeddable":true,"href":"https:\/\/www.venilia.com\/fr\/wp-json\/wp\/v2\/product_tag?post=28466"}],"curies":[{"name":"wp","href":"https:\/\/api.w.org\/{rel}","templated":true}]}}