{"id":28405,"date":"2023-11-02T16:29:55","date_gmt":"2022-06-09T17:47:05","guid":{"rendered":"https:\/\/venilia.insektenschutz365.eu\/p\/protege-table-crystal-transparent-140cm-x-60m\/"},"modified":"2024-09-10T14:07:42","modified_gmt":"2024-09-10T12:07:42","slug":"protege-table-crystal-transparent-140cm-x-60m","status":"publish","type":"product","link":"https:\/\/www.venilia.com\/fr\/p\/protege-table-crystal-transparent-140cm-x-60m\/","title":{"rendered":"Prot\u00e8ge-table Crystal transparent &#8211; 140cm x 60m"},"content":{"rendered":"<p>Le prot\u00e8ge-table transparent, imprim\u00e9 ou non, offre une protection maximale contre les rayures, les salissures et l&#39;humidit\u00e9. Il met en valeur les tables en verre ou en m\u00e9tal.<\/p>\n","protected":false},"excerpt":{"rendered":"<p><UL><LI>Protection contre les rayures, les salissures et l&#39;humidit\u00e9<\/LI><LI>Facile \u00e0 entretenir avec une \u00e9ponge humide<\/LI><LI>100% PVC transparent<\/LI><LI>Certifi\u00e9 contact alimentaire<\/LI><LI>Epaisseur de 0,1mm<\/LI><\/UL><\/p>\n","protected":false},"featured_media":5303,"template":"","meta":[],"product_cat":[923,925],"product_tag":[],"wcpa_form_fields":null,"tiered_pricing_type":"fixed","tiered_pricing_fixed_rules":[],"_links":{"self":[{"href":"https:\/\/www.venilia.com\/fr\/wp-json\/wp\/v2\/product\/28405"}],"collection":[{"href":"https:\/\/www.venilia.com\/fr\/wp-json\/wp\/v2\/product"}],"about":[{"href":"https:\/\/www.venilia.com\/fr\/wp-json\/wp\/v2\/types\/product"}],"wp:featuredmedia":[{"embeddable":true,"href":"https:\/\/www.venilia.com\/fr\/wp-json\/wp\/v2\/media\/5303"}],"wp:attachment":[{"href":"https:\/\/www.venilia.com\/fr\/wp-json\/wp\/v2\/media?parent=28405"}],"wp:term":[{"taxonomy":"product_cat","embeddable":true,"href":"https:\/\/www.venilia.com\/fr\/wp-json\/wp\/v2\/product_cat?post=28405"},{"taxonomy":"product_tag","embeddable":true,"href":"https:\/\/www.venilia.com\/fr\/wp-json\/wp\/v2\/product_tag?post=28405"}],"curies":[{"name":"wp","href":"https:\/\/api.w.org\/{rel}","templated":true}]}}