{"id":28399,"date":"2023-11-02T16:29:35","date_gmt":"2022-06-09T17:47:05","guid":{"rendered":"https:\/\/venilia.insektenschutz365.eu\/p\/tischdecke-grau-180cm-rund\/"},"modified":"2024-09-10T14:07:53","modified_gmt":"2024-09-10T12:07:53","slug":"nappe-gris-180cm-rond","status":"publish","type":"product","link":"https:\/\/www.venilia.com\/fr\/p\/nappe-gris-180cm-rond\/","title":{"rendered":"Nappe Gris &#8211; 180cm, rond"},"content":{"rendered":"<h2>Flie\u00dfend und leicht den Tisch decken<\/h2>\n<p>Sehr leicht und mit einem sch\u00f6nen Fall verleihen diese Tischdecken jedem (Ess)tisch ein besonderes Flair. Das Material ist wasser- und fleckenabweisend und verhindert das Durchsickern von Fl\u00fcssigkeiten. Damit sind Tisch und Tischdecke gut gesch\u00fctzt.&nbsp;<\/p>\n<p><strong>Sicherer Genuss<\/strong><\/p>\n<p>Jede V\u00e9nilia Tischdecke tr\u00e4gt das &quot;Textile Vertrauenssiegel&quot; nach &#39;STANDARD 100 by OEKO-TEX\u00ae&#39; und kann unbedenklich mit Lebensmittel in Ber\u00fchrung kommen. Denn wichtiger als jedes Design ist die Sicherheit, wenn es ums Essen geht!<\/p>\n<p><strong>Pflegeleicht im Alltag<\/strong><\/p>\n<p>Die V\u00e9nilia Tischdecke macht wenig Arbeit: Spritzer, Flecken und Patzen werden einfach mit einem feuchten Schwamm weggewischt, fertig. Sie kann gelegentlich auch in der Waschmaschine gewaschen werden (bei 30\u00b0C, nicht schleudern).&nbsp;Der Clou: die Tischdecken sind b\u00fcgelfrei und trocknen an der Luft nach dem Waschen in nur 1 Stunde!&nbsp;&nbsp;<\/p>\n<p><strong>Die richtige Gr\u00f6\u00dfe f\u00fcr Ihren Tisch<\/strong><\/p>\n<p>F\u00fcr einen besonders sch\u00f6nen Fall planen Sie idealerweise einen \u00dcberhang von mindestens 30 cm auf allen Seiten ein. Die Tischdecke sollte also mindestens 60 cm breiter und 60 cm l\u00e4nger sein als Ihr Tisch.<\/p>\n","protected":false},"excerpt":{"rendered":"<p><UL><LI>SCH\u00d6N GEDECKTER ESSTISCH \u2013 Ob f\u00fcr den Alltag oder einen speziellen Anlass, ob dezent oder auff\u00e4llig: die V\u00e9nilia Tischdecken pr\u00e4sentieren sich in vielen verschiedenen Designs.<\/LI><LI>ATTRAKTIVE OPTIK UND HAPTIK \u2013 Die Tischdecke f\u00fchlt sich angenehm weich an und f\u00e4llt flie\u00dfend leicht. Umlaufend ist sie mit einem farblich passenden Band ges\u00e4umt.<\/LI><LI>F\u00dcR JEDEN TISCH DIE RICHTIGE FORM \u2013 F\u00fcr den perfekten Auftritt sorgt Tischw\u00e4sche in verschiedenen Gr\u00f6\u00dfen und Formen \u2013 von rechteckig, oval, zu rund oder quadratisch.<\/LI><LI>SAUBER UND FLECKENFREI \u2013 Das Material ist wasser- und schmutzabweisend. Fl\u00fcssigkeiten perlen ab, Klekse und Spritzer sind einfach mit einem Tuch zu entfernen. Maschinenw\u00e4sche bei 30\u00b0C m\u00f6glich. Trocknet innerhalb 1 Stunde an der Luft.<\/LI><LI>SICHERER GENUSS \u2013 Die V\u00e9nilia Tischdecken sind zertifiziert nach &#39;STANDARD 100 by OEKO-TEX\u00ae&#39; und k\u00f6nnen bedenkenlos mit Lebensmittel in Kontakt kommen.<\/LI><\/UL><\/p>\n","protected":false},"featured_media":6734,"template":"","meta":[],"product_cat":[930,952],"product_tag":[],"wcpa_form_fields":null,"tiered_pricing_type":"fixed","tiered_pricing_fixed_rules":[],"_links":{"self":[{"href":"https:\/\/www.venilia.com\/fr\/wp-json\/wp\/v2\/product\/28399"}],"collection":[{"href":"https:\/\/www.venilia.com\/fr\/wp-json\/wp\/v2\/product"}],"about":[{"href":"https:\/\/www.venilia.com\/fr\/wp-json\/wp\/v2\/types\/product"}],"wp:featuredmedia":[{"embeddable":true,"href":"https:\/\/www.venilia.com\/fr\/wp-json\/wp\/v2\/media\/6734"}],"wp:attachment":[{"href":"https:\/\/www.venilia.com\/fr\/wp-json\/wp\/v2\/media?parent=28399"}],"wp:term":[{"taxonomy":"product_cat","embeddable":true,"href":"https:\/\/www.venilia.com\/fr\/wp-json\/wp\/v2\/product_cat?post=28399"},{"taxonomy":"product_tag","embeddable":true,"href":"https:\/\/www.venilia.com\/fr\/wp-json\/wp\/v2\/product_tag?post=28399"}],"curies":[{"name":"wp","href":"https:\/\/api.w.org\/{rel}","templated":true}]}}