{"id":28325,"date":"2023-11-02T16:26:38","date_gmt":"2022-05-31T20:10:04","guid":{"rendered":"https:\/\/venilia.insektenschutz365.eu\/p\/set-de-table-feather-gold\/"},"modified":"2024-09-10T14:11:12","modified_gmt":"2024-09-10T12:11:12","slug":"set-de-table-feather-gold","status":"publish","type":"product","link":"https:\/\/www.venilia.com\/fr\/p\/set-de-table-feather-gold\/","title":{"rendered":"Set de table Feather gold"},"content":{"rendered":"<p>Ils associent \u00e9l\u00e9gance et fonctionnalit\u00e9. Les mod\u00e8les tress\u00e9s, \u00e0 la structure originale, sont faciles d&#39;entretien et conviennent aux int\u00e9rieurs design ou color\u00e9s.<\/p>\n","protected":false},"excerpt":{"rendered":"<p><UL><LI>Facile \u00e0 entretenir avec une \u00e9ponge humide<\/LI><LI>Set de table tiss\u00e9 avec une p\u00e9aisseur de 0,8mm<\/LI><LI>60% poly\u00e9thyl\u00e8ne 40% polyester<\/LI><LI>Contact alimentaire<\/LI><\/UL><\/p>\n","protected":false},"featured_media":5580,"template":"","meta":[],"product_cat":[927,929],"product_tag":[],"wcpa_form_fields":null,"tiered_pricing_type":"fixed","tiered_pricing_fixed_rules":[],"_links":{"self":[{"href":"https:\/\/www.venilia.com\/fr\/wp-json\/wp\/v2\/product\/28325"}],"collection":[{"href":"https:\/\/www.venilia.com\/fr\/wp-json\/wp\/v2\/product"}],"about":[{"href":"https:\/\/www.venilia.com\/fr\/wp-json\/wp\/v2\/types\/product"}],"wp:featuredmedia":[{"embeddable":true,"href":"https:\/\/www.venilia.com\/fr\/wp-json\/wp\/v2\/media\/5580"}],"wp:attachment":[{"href":"https:\/\/www.venilia.com\/fr\/wp-json\/wp\/v2\/media?parent=28325"}],"wp:term":[{"taxonomy":"product_cat","embeddable":true,"href":"https:\/\/www.venilia.com\/fr\/wp-json\/wp\/v2\/product_cat?post=28325"},{"taxonomy":"product_tag","embeddable":true,"href":"https:\/\/www.venilia.com\/fr\/wp-json\/wp\/v2\/product_tag?post=28325"}],"curies":[{"name":"wp","href":"https:\/\/api.w.org\/{rel}","templated":true}]}}