{"id":28303,"date":"2023-11-02T16:22:38","date_gmt":"2022-06-09T17:45:10","guid":{"rendered":"https:\/\/venilia.insektenschutz365.eu\/p\/set-de-table-zigzag-fine-bleu\/"},"modified":"2024-09-10T14:14:01","modified_gmt":"2024-09-10T12:14:01","slug":"set-de-table-zickzack-fein-koral-4-pieces","status":"publish","type":"product","link":"https:\/\/www.venilia.com\/fr\/p\/set-de-table-zickzack-fein-koral-4-pieces\/","title":{"rendered":"Set de table Zickzack fein koral, 4 pi\u00e8ces"},"content":{"rendered":"<p>Les mod\u00e8les imprim\u00e9s, aux motifs et couleurs tendance, offrent une qualit\u00e9 de contact alimentaire optimale.<\/p>\n","protected":false},"excerpt":{"rendered":"<p><UL><LI>Haute qualit\u00e9<\/LI><LI>Facilit\u00e9 d&#39;entretien<\/LI><LI>Food contact<\/LI><\/UL><\/p>\n","protected":false},"featured_media":4463,"template":"","meta":[],"product_cat":[927,928],"product_tag":[],"wcpa_form_fields":null,"tiered_pricing_type":"fixed","tiered_pricing_fixed_rules":[],"_links":{"self":[{"href":"https:\/\/www.venilia.com\/fr\/wp-json\/wp\/v2\/product\/28303"}],"collection":[{"href":"https:\/\/www.venilia.com\/fr\/wp-json\/wp\/v2\/product"}],"about":[{"href":"https:\/\/www.venilia.com\/fr\/wp-json\/wp\/v2\/types\/product"}],"wp:featuredmedia":[{"embeddable":true,"href":"https:\/\/www.venilia.com\/fr\/wp-json\/wp\/v2\/media\/4463"}],"wp:attachment":[{"href":"https:\/\/www.venilia.com\/fr\/wp-json\/wp\/v2\/media?parent=28303"}],"wp:term":[{"taxonomy":"product_cat","embeddable":true,"href":"https:\/\/www.venilia.com\/fr\/wp-json\/wp\/v2\/product_cat?post=28303"},{"taxonomy":"product_tag","embeddable":true,"href":"https:\/\/www.venilia.com\/fr\/wp-json\/wp\/v2\/product_tag?post=28303"}],"curies":[{"name":"wp","href":"https:\/\/api.w.org\/{rel}","templated":true}]}}