{"id":28277,"date":"2023-11-02T16:21:15","date_gmt":"2022-06-09T17:44:37","guid":{"rendered":"https:\/\/venilia.insektenschutz365.eu\/p\/set-de-table-pois-vert\/"},"modified":"2024-09-10T14:14:27","modified_gmt":"2024-09-10T12:14:27","slug":"set-de-table-punkte-vert-4-pieces","status":"publish","type":"product","link":"https:\/\/www.venilia.com\/fr\/p\/set-de-table-punkte-vert-4-pieces\/","title":{"rendered":"Set de table Punkte Vert, 4 pi\u00e8ces"},"content":{"rendered":"<p>Les mod\u00e8les imprim\u00e9s, aux motifs et couleurs tendance, offrent une qualit\u00e9 de contact alimentaire optimale.<\/p>\n","protected":false},"excerpt":{"rendered":"<p><UL><LI>Haute qualit\u00e9<\/LI><LI>Facilit\u00e9 d&#39;entretien<\/LI><LI>Food contact<\/LI><\/UL><\/p>\n","protected":false},"featured_media":2713,"template":"","meta":[],"product_cat":[927,928],"product_tag":[],"wcpa_form_fields":null,"tiered_pricing_type":"fixed","tiered_pricing_fixed_rules":[],"_links":{"self":[{"href":"https:\/\/www.venilia.com\/fr\/wp-json\/wp\/v2\/product\/28277"}],"collection":[{"href":"https:\/\/www.venilia.com\/fr\/wp-json\/wp\/v2\/product"}],"about":[{"href":"https:\/\/www.venilia.com\/fr\/wp-json\/wp\/v2\/types\/product"}],"wp:featuredmedia":[{"embeddable":true,"href":"https:\/\/www.venilia.com\/fr\/wp-json\/wp\/v2\/media\/2713"}],"wp:attachment":[{"href":"https:\/\/www.venilia.com\/fr\/wp-json\/wp\/v2\/media?parent=28277"}],"wp:term":[{"taxonomy":"product_cat","embeddable":true,"href":"https:\/\/www.venilia.com\/fr\/wp-json\/wp\/v2\/product_cat?post=28277"},{"taxonomy":"product_tag","embeddable":true,"href":"https:\/\/www.venilia.com\/fr\/wp-json\/wp\/v2\/product_tag?post=28277"}],"curies":[{"name":"wp","href":"https:\/\/api.w.org\/{rel}","templated":true}]}}