{"id":28250,"date":"2023-11-02T16:19:44","date_gmt":"2022-06-09T17:44:37","guid":{"rendered":"https:\/\/venilia.insektenschutz365.eu\/p\/revetement-multi-usages-venisol-vintage-tiles-65x120cm\/"},"modified":"2024-09-10T14:16:13","modified_gmt":"2024-09-10T12:16:13","slug":"revetement-multi-usages-venisol-vintage-tiles-65x120cm","status":"publish","type":"product","link":"https:\/\/www.venilia.com\/fr\/p\/revetement-multi-usages-venisol-vintage-tiles-65x120cm\/","title":{"rendered":"Rev\u00eatement multi-usages Venisol Vintage tiles, 65x120cm"},"content":{"rendered":"<p><span style=&quot;font-size:12px&quot;>Antiglisse et imperm\u00e9able, le tapis V\u00e9nisol PVC est id\u00e9al pour donner une touche d\u00e9co contemporaine \u00e0 votre int\u00e9rieur. Parfait pour votre cuisine, devant votre \u00e9vier ou dans votre entr\u00e9e pour poser vos chaussures. Sa r\u00e9sistance \u00e0 l&#39;usure convient pour une chambre d&#39;enfant. Entretien rapide \u00e0 l&#39;\u00e9ponge et au savon!<\/span><\/p>\n","protected":false},"excerpt":{"rendered":"<p><UL><LI>Rutschfester Bodenteppich mit weicher Oberfl\u00e4che<\/LI><LI>K\u00e4lte- und w\u00e4rmeisolierende Eigenschaften<\/LI><LI>Wasser- und schmutzabweisend, ger\u00e4uschd\u00e4mpfend<\/LI><LI>Einsetzbar im Innen- und Au\u00dfenbereich dank UV-Stabilit\u00e4t<\/LI><LI>Geeignet f\u00fcr Fu\u00dfbodenheizungen (bis zu 27\u00b0C)<\/LI><\/UL><\/p>\n","protected":false},"featured_media":49341,"template":"","meta":[],"product_cat":[906,907],"product_tag":[],"wcpa_form_fields":null,"tiered_pricing_type":"fixed","tiered_pricing_fixed_rules":[],"_links":{"self":[{"href":"https:\/\/www.venilia.com\/fr\/wp-json\/wp\/v2\/product\/28250"}],"collection":[{"href":"https:\/\/www.venilia.com\/fr\/wp-json\/wp\/v2\/product"}],"about":[{"href":"https:\/\/www.venilia.com\/fr\/wp-json\/wp\/v2\/types\/product"}],"wp:featuredmedia":[{"embeddable":true,"href":"https:\/\/www.venilia.com\/fr\/wp-json\/wp\/v2\/media\/49341"}],"wp:attachment":[{"href":"https:\/\/www.venilia.com\/fr\/wp-json\/wp\/v2\/media?parent=28250"}],"wp:term":[{"taxonomy":"product_cat","embeddable":true,"href":"https:\/\/www.venilia.com\/fr\/wp-json\/wp\/v2\/product_cat?post=28250"},{"taxonomy":"product_tag","embeddable":true,"href":"https:\/\/www.venilia.com\/fr\/wp-json\/wp\/v2\/product_tag?post=28250"}],"curies":[{"name":"wp","href":"https:\/\/api.w.org\/{rel}","templated":true}]}}