{"id":28240,"date":"2023-11-02T16:19:23","date_gmt":"2022-06-09T17:44:26","guid":{"rendered":"https:\/\/venilia.insektenschutz365.eu\/p\/nappe-toile-ciree-superieure-pauline\/"},"modified":"2025-11-28T05:33:57","modified_gmt":"2025-11-28T04:33:57","slug":"nappe-toile-ciree-superieure-pauline","status":"publish","type":"product","link":"https:\/\/www.venilia.com\/fr\/p\/nappe-toile-ciree-superieure-pauline\/","title":{"rendered":"Nappe toile cir\u00e9e sup\u00e9rieure Pauline"},"content":{"rendered":"<p><span style=&quot;font-size:12px&quot;>La nappe toile cir\u00e9e sup\u00e9rieure&nbsp;est tr\u00e8s r\u00e9sistante grace \u00e0 son dos fibranne textile. Avec son vernis sp\u00e9cial anti-taches, cette nappe est imperm\u00e9able et facile \u00e0 entretenir. Une vari\u00e9t\u00e9 de d\u00e9cors et de conceptions multicolores vous permettent de mettre en sc\u00e8ne votre table.<\/span><\/p>\n","protected":false},"excerpt":{"rendered":"<p><UL><LI>Nappe imperm\u00e9able aux liquides<\/LI><LI>Facile \u00e0 entretenir avec une \u00e9ponge humide<\/LI><LI>Vernis sp\u00e9cial anti-taches<\/LI><LI>Film PVC imprim\u00e9 sur l&#39;endroit, tissu en fibre naturelle fibranne sur l&#39;envers<\/LI><LI>Produit tr\u00e8s r\u00e9sistant<\/LI><LI>Certifi\u00e9e contact alimentaire<\/LI><\/UL><\/p>\n","protected":false},"featured_media":6425,"template":"","meta":[],"product_cat":[930,937],"product_tag":[],"wcpa_form_fields":null,"tiered_pricing_type":"fixed","tiered_pricing_fixed_rules":[],"_links":{"self":[{"href":"https:\/\/www.venilia.com\/fr\/wp-json\/wp\/v2\/product\/28240"}],"collection":[{"href":"https:\/\/www.venilia.com\/fr\/wp-json\/wp\/v2\/product"}],"about":[{"href":"https:\/\/www.venilia.com\/fr\/wp-json\/wp\/v2\/types\/product"}],"wp:featuredmedia":[{"embeddable":true,"href":"https:\/\/www.venilia.com\/fr\/wp-json\/wp\/v2\/media\/6425"}],"wp:attachment":[{"href":"https:\/\/www.venilia.com\/fr\/wp-json\/wp\/v2\/media?parent=28240"}],"wp:term":[{"taxonomy":"product_cat","embeddable":true,"href":"https:\/\/www.venilia.com\/fr\/wp-json\/wp\/v2\/product_cat?post=28240"},{"taxonomy":"product_tag","embeddable":true,"href":"https:\/\/www.venilia.com\/fr\/wp-json\/wp\/v2\/product_tag?post=28240"}],"curies":[{"name":"wp","href":"https:\/\/api.w.org\/{rel}","templated":true}]}}