{"id":28234,"date":"2023-11-02T16:19:23","date_gmt":"2022-05-31T20:08:23","guid":{"rendered":"https:\/\/venilia.insektenschutz365.eu\/p\/nappe-toile-ciree-graphic\/"},"modified":"2025-11-24T14:24:08","modified_gmt":"2025-11-24T13:24:08","slug":"nappe-toile-ciree-graphic__trashed","status":"publish","type":"product","link":"https:\/\/www.venilia.com\/fr\/p\/nappe-toile-ciree-graphic__trashed\/","title":{"rendered":"Nappe toile cir\u00e9e Graphic"},"content":{"rendered":"<p><strong>Nappe attrayante avec structure<\/strong><\/p>\n<p>Trendig im Design versch\u00f6nern die Tischdecken der \u00ab\u00a0Veniline Serie\u00a0\u00bb&nbsp;in pastellig-dezenten oder kr\u00e4ftig-bunten Farben mit klassischen, blumigen oder abstrakten Mustern Ihr Zuhause.&nbsp;Die&nbsp;<strong style=\"\"font-style:normal\"\">Strukturpr\u00e4gung<\/strong>&nbsp;und der relativ&nbsp;<strong style=\"\"font-style:normal\"\">weiche Fall&nbsp;<\/strong>machen diese Tischdecke so beliebt &#8211; ebenso wie ihre Eigenschaften:&nbsp;strapazierf\u00e4hig, fl\u00fcssigkeitsundurchl\u00e4ssig und&nbsp;fleckenabweisend.<\/p>\n<p>Die Oberfl\u00e4che der V\u00e9niline Tischdecke hat eine spezielle Haptik: sie greift sich wie&nbsp;<strong>Wachstuch mit Pr\u00e4gung<\/strong>&nbsp;an;&nbsp;dank eines speziellen Druckverfahrens &lsquo;f\u00fchlt&rsquo; man das Muster regelrecht. Die R\u00fcckseite ist aus hochwertigem Vlies f\u00fcr erh\u00f6hten Komfort.&nbsp;Als Allrounder ist sie drinnen und drau\u00dfen einsetzbar; absolut pflegeleicht,&nbsp;schmutzunempfindlich&nbsp;und fl\u00fcssigkeitsundurchl\u00e4ssig. Die Tischdecke&nbsp;wird&nbsp;am besten im Innenbereich eingesetzt, da sie \u00fcber keine UV-Beschichtung verf\u00fcgt.&nbsp;<\/p>\n<p>Sie tr\u00e4gt das \u00ab\u00a0Textile Vertrauenssiegel\u00a0\u00bb nach &lsquo;STANDARD&nbsp;<strong style=\"\"font-style:normal\"\">100<\/strong>&nbsp;by&nbsp;<strong style=\"\"font-style:normal\"\">OEKO<\/strong>&#8211;<strong style=\"\"font-style:normal\"\">TEX<\/strong>\u00ae&rsquo; und kann daher unbedenklich mit Lebensmittel in Ber\u00fchrung kommen.&nbsp;<\/p>\n","protected":false},"excerpt":{"rendered":"<ul>\n<li>Strukturierte Wachstischdecke mit grafischem Design<\/li>\n<li>Wasser- und fleckenabweisend dank Spezialbeschichtung<\/li>\n<li>Abwischbare Oberfl\u00e4che &amp; hochwertiger Vliesr\u00fccken<\/li>\n<li>Lebensmittelecht nach OEKO-TEX Standard 100<\/li>\n<\/ul>\n","protected":false},"featured_media":6415,"template":"","meta":[],"product_cat":[930,938],"product_tag":[],"wcpa_form_fields":null,"tiered_pricing_type":"fixed","tiered_pricing_fixed_rules":[],"_links":{"self":[{"href":"https:\/\/www.venilia.com\/fr\/wp-json\/wp\/v2\/product\/28234"}],"collection":[{"href":"https:\/\/www.venilia.com\/fr\/wp-json\/wp\/v2\/product"}],"about":[{"href":"https:\/\/www.venilia.com\/fr\/wp-json\/wp\/v2\/types\/product"}],"wp:featuredmedia":[{"embeddable":true,"href":"https:\/\/www.venilia.com\/fr\/wp-json\/wp\/v2\/media\/6415"}],"wp:attachment":[{"href":"https:\/\/www.venilia.com\/fr\/wp-json\/wp\/v2\/media?parent=28234"}],"wp:term":[{"taxonomy":"product_cat","embeddable":true,"href":"https:\/\/www.venilia.com\/fr\/wp-json\/wp\/v2\/product_cat?post=28234"},{"taxonomy":"product_tag","embeddable":true,"href":"https:\/\/www.venilia.com\/fr\/wp-json\/wp\/v2\/product_tag?post=28234"}],"curies":[{"name":"wp","href":"https:\/\/api.w.org\/{rel}","templated":true}]}}