{"id":28220,"date":"2023-11-02T16:18:22","date_gmt":"2022-06-09T17:44:26","guid":{"rendered":"https:\/\/venilia.insektenschutz365.eu\/p\/adhesif-glitter-noir-45x200cm\/"},"modified":"2024-09-10T14:16:58","modified_gmt":"2024-09-10T12:16:58","slug":"adhesif-glitter-noir-45x200cm","status":"publish","type":"product","link":"https:\/\/www.venilia.com\/fr\/p\/adhesif-glitter-noir-45x200cm\/","title":{"rendered":"Adh\u00e9sif Glitter noir &#8211; 45x200cm"},"content":{"rendered":"<p><span style=&quot;font-size:12px&quot;>Apportez charme et modernit\u00e9 \u00e0 votre int\u00e9rieur en choisissant parmi nos effets mati\u00e8re. Entre les imitations de peau d&#39;animaux, les marbres ou encore la su\u00e9dine, vous aurez le visuel et le toucher pour customiser vos meubles ou objets et leur donner du caract\u00e8re!<\/span><\/p>\n","protected":false},"excerpt":{"rendered":"<p><UL><LI>Application facile et pratique<\/LI><LI>Temps de repositionnement 20min<\/LI><LI>R\u00e9sistance \u00e0 l&#39;eau et \u00e0 la chaleur jusqu&#39;\u00e0 50\u00b0<\/LI><LI>Film polypropyl\u00e8ne adh\u00e9sif sans phtalates<\/LI><\/UL><\/p>\n","protected":false},"featured_media":6389,"template":"","meta":[],"product_cat":[909,914],"product_tag":[],"wcpa_form_fields":null,"tiered_pricing_type":"fixed","tiered_pricing_fixed_rules":[],"_links":{"self":[{"href":"https:\/\/www.venilia.com\/fr\/wp-json\/wp\/v2\/product\/28220"}],"collection":[{"href":"https:\/\/www.venilia.com\/fr\/wp-json\/wp\/v2\/product"}],"about":[{"href":"https:\/\/www.venilia.com\/fr\/wp-json\/wp\/v2\/types\/product"}],"wp:featuredmedia":[{"embeddable":true,"href":"https:\/\/www.venilia.com\/fr\/wp-json\/wp\/v2\/media\/6389"}],"wp:attachment":[{"href":"https:\/\/www.venilia.com\/fr\/wp-json\/wp\/v2\/media?parent=28220"}],"wp:term":[{"taxonomy":"product_cat","embeddable":true,"href":"https:\/\/www.venilia.com\/fr\/wp-json\/wp\/v2\/product_cat?post=28220"},{"taxonomy":"product_tag","embeddable":true,"href":"https:\/\/www.venilia.com\/fr\/wp-json\/wp\/v2\/product_tag?post=28220"}],"curies":[{"name":"wp","href":"https:\/\/api.w.org\/{rel}","templated":true}]}}