{"id":28178,"date":"2023-11-02T16:13:19","date_gmt":"2022-05-31T20:06:55","guid":{"rendered":"https:\/\/venilia.insektenschutz365.eu\/p\/nappe-toile-ciree-superieure-tropic-jaune-155cm-ronde\/"},"modified":"2024-09-10T14:20:41","modified_gmt":"2024-09-10T12:20:41","slug":"nappe-toile-ciree-superieure-tropic-jaune-155cm-ronde","status":"publish","type":"product","link":"https:\/\/www.venilia.com\/fr\/p\/nappe-toile-ciree-superieure-tropic-jaune-155cm-ronde\/","title":{"rendered":"Nappe toile cir\u00e9e sup\u00e9rieure Tropic jaune &#8211; 155cm, ronde"},"content":{"rendered":"<p><span style=&quot;font-size:12px&quot;>La nappe toile cir\u00e9e sup\u00e9rieure&nbsp;est tr\u00e8s r\u00e9sistante grace \u00e0 son dos fibranne textile. Avec son vernis sp\u00e9cial anti-taches, cette nappe est imperm\u00e9able et facile \u00e0 entretenir. Une vari\u00e9t\u00e9 de d\u00e9cors et de conceptions multicolores vous permettent de mettre en sc\u00e8ne votre table.<\/span><\/p>\n","protected":false},"excerpt":{"rendered":"<p><UL><LI>Nappe imperm\u00e9able aux liquides<\/LI><LI>Facile \u00e0 entretenir avec une \u00e9ponge humide<\/LI><LI>Vernis sp\u00e9cial anti-taches<\/LI><LI>Film PVC imprim\u00e9 sur l&#39;endroit, tissu en fibre naturelle fibranne sur l&#39;envers<\/LI><LI>Produit tr\u00e8s r\u00e9sistant<\/LI><LI>Certifi\u00e9e contact alimentaire<\/LI><\/UL><\/p>\n","protected":false},"featured_media":53903,"template":"","meta":[],"product_cat":[930,937],"product_tag":[],"wcpa_form_fields":null,"tiered_pricing_type":"fixed","tiered_pricing_fixed_rules":[],"_links":{"self":[{"href":"https:\/\/www.venilia.com\/fr\/wp-json\/wp\/v2\/product\/28178"}],"collection":[{"href":"https:\/\/www.venilia.com\/fr\/wp-json\/wp\/v2\/product"}],"about":[{"href":"https:\/\/www.venilia.com\/fr\/wp-json\/wp\/v2\/types\/product"}],"wp:featuredmedia":[{"embeddable":true,"href":"https:\/\/www.venilia.com\/fr\/wp-json\/wp\/v2\/media\/53903"}],"wp:attachment":[{"href":"https:\/\/www.venilia.com\/fr\/wp-json\/wp\/v2\/media?parent=28178"}],"wp:term":[{"taxonomy":"product_cat","embeddable":true,"href":"https:\/\/www.venilia.com\/fr\/wp-json\/wp\/v2\/product_cat?post=28178"},{"taxonomy":"product_tag","embeddable":true,"href":"https:\/\/www.venilia.com\/fr\/wp-json\/wp\/v2\/product_tag?post=28178"}],"curies":[{"name":"wp","href":"https:\/\/api.w.org\/{rel}","templated":true}]}}