{"id":28154,"date":"2023-11-02T16:10:53","date_gmt":"2022-05-31T20:06:04","guid":{"rendered":"https:\/\/venilia.insektenschutz365.eu\/p\/adhesif-shimmy-90x260cm\/"},"modified":"2024-09-10T14:21:02","modified_gmt":"2024-09-10T12:21:02","slug":"adhesif-shimmy-90x260cm","status":"publish","type":"product","link":"https:\/\/www.venilia.com\/fr\/p\/adhesif-shimmy-90x260cm\/","title":{"rendered":"Adh\u00e9sif Shimmy &#8211; 90x260cm"},"content":{"rendered":"<p>Toute la gamme d&#39;adh\u00e9sifs effet bois Perfect fix utilise une technologie brevet\u00e9e de microperforation du film qui permet une pose rapide et impeccable garantie sans bulles! Avec leur texture et leur relief plus vrai que nature, nos adh\u00e9sifs bois s&#39;int\u00e9greront parfaitement \u00e0 votre d\u00e9coration.<span style=&quot;color:black; font-family:Calibri; font-size:18.0pt; language:fr; mso-ascii-font-family:Calibri; mso-ascii-theme-font:minor-latin; mso-bidi-font-family:+mn-cs; mso-bidi-theme-font:minor-bidi; mso-color-index:1; mso-fareast-font-family:+mn-ea; mso-fareast-theme-font:minor-fareast; mso-font-kerning:12.0pt; mso-style-textfill-fill-alpha:100.0%; mso-style-textfill-fill-color:black; mso-style-textfill-fill-themecolor:text1; mso-style-textfill-type:solid&quot;> <\/span><\/p>\n","protected":false},"excerpt":{"rendered":"<p><UL><LI>Application facile et pratique<\/LI><LI>Temps de repositionnement 20min<\/LI><LI>R\u00e9sistance \u00e0 l&#39;eau et \u00e0 la chaleur jusqu&#39;\u00e0 50\u00b0<\/LI><LI>Film PVC adh\u00e9sif sans phtalates<\/LI><LI>Effet bois en relief avec une \u00e9paisseur sup\u00e9rieure de 0,17mm et finition mate<\/LI><LI>Technologie Perfect Fix\u00ae Microperforation du film<\/LI><LI>Pose garantie sans bulles<\/LI><\/UL><\/p>\n","protected":false},"featured_media":6219,"template":"","meta":[],"product_cat":[909,916],"product_tag":[],"wcpa_form_fields":null,"tiered_pricing_type":"fixed","tiered_pricing_fixed_rules":[],"_links":{"self":[{"href":"https:\/\/www.venilia.com\/fr\/wp-json\/wp\/v2\/product\/28154"}],"collection":[{"href":"https:\/\/www.venilia.com\/fr\/wp-json\/wp\/v2\/product"}],"about":[{"href":"https:\/\/www.venilia.com\/fr\/wp-json\/wp\/v2\/types\/product"}],"wp:featuredmedia":[{"embeddable":true,"href":"https:\/\/www.venilia.com\/fr\/wp-json\/wp\/v2\/media\/6219"}],"wp:attachment":[{"href":"https:\/\/www.venilia.com\/fr\/wp-json\/wp\/v2\/media?parent=28154"}],"wp:term":[{"taxonomy":"product_cat","embeddable":true,"href":"https:\/\/www.venilia.com\/fr\/wp-json\/wp\/v2\/product_cat?post=28154"},{"taxonomy":"product_tag","embeddable":true,"href":"https:\/\/www.venilia.com\/fr\/wp-json\/wp\/v2\/product_tag?post=28154"}],"curies":[{"name":"wp","href":"https:\/\/api.w.org\/{rel}","templated":true}]}}