{"id":28151,"date":"2023-11-02T16:10:53","date_gmt":"2022-06-09T17:43:20","guid":{"rendered":"https:\/\/venilia.insektenschutz365.eu\/p\/nappe-toile-ciree-golden-trees-140cm-ronde\/"},"modified":"2024-09-10T14:21:02","modified_gmt":"2024-09-10T12:21:02","slug":"nappe-toile-ciree-golden-trees-140cm-ronde","status":"publish","type":"product","link":"https:\/\/www.venilia.com\/fr\/p\/nappe-toile-ciree-golden-trees-140cm-ronde\/","title":{"rendered":"Nappe toile cir\u00e9e Golden trees &#8211; 140cm, ronde"},"content":{"rendered":"<p><span style=&quot;font-size:12px&quot;>Retrouvez tous les avantages d&#39;une toile cir\u00e9e anti-taches, r\u00e9sistante, imperm\u00e9able aux liquides et facile \u00e0 nettoyer \u00e0 un prix \u00e9conomique !<\/span><\/p>\n","protected":false},"excerpt":{"rendered":"<p><UL><LI>Nappe imperm\u00e9able aux liquides<\/LI><LI>Facile \u00e0 entretenir avec une \u00e9ponge humide<\/LI><LI>Vernis sp\u00e9cial anti-taches<\/LI><LI>Film PVC imprim\u00e9 sur l&#39;endroit, support non-tiss\u00e9 sur l&#39;envers<\/LI><LI>Certifi\u00e9e contact alimentaire<\/LI><\/UL><\/p>\n","protected":false},"featured_media":6212,"template":"","meta":[],"product_cat":[930,932],"product_tag":[],"wcpa_form_fields":null,"tiered_pricing_type":"fixed","tiered_pricing_fixed_rules":[],"_links":{"self":[{"href":"https:\/\/www.venilia.com\/fr\/wp-json\/wp\/v2\/product\/28151"}],"collection":[{"href":"https:\/\/www.venilia.com\/fr\/wp-json\/wp\/v2\/product"}],"about":[{"href":"https:\/\/www.venilia.com\/fr\/wp-json\/wp\/v2\/types\/product"}],"wp:featuredmedia":[{"embeddable":true,"href":"https:\/\/www.venilia.com\/fr\/wp-json\/wp\/v2\/media\/6212"}],"wp:attachment":[{"href":"https:\/\/www.venilia.com\/fr\/wp-json\/wp\/v2\/media?parent=28151"}],"wp:term":[{"taxonomy":"product_cat","embeddable":true,"href":"https:\/\/www.venilia.com\/fr\/wp-json\/wp\/v2\/product_cat?post=28151"},{"taxonomy":"product_tag","embeddable":true,"href":"https:\/\/www.venilia.com\/fr\/wp-json\/wp\/v2\/product_tag?post=28151"}],"curies":[{"name":"wp","href":"https:\/\/api.w.org\/{rel}","templated":true}]}}