{"id":28142,"date":"2023-11-02T16:09:37","date_gmt":"2022-06-09T17:43:20","guid":{"rendered":"https:\/\/venilia.insektenschutz365.eu\/p\/film-solaire-teinte-noir-vitrostatic-90x200cm\/"},"modified":"2022-10-29T13:18:53","modified_gmt":"2022-10-29T11:18:53","slug":"film-solaire-teinte-noir-vitrostatic-90x200cm","status":"publish","type":"product","link":"https:\/\/www.venilia.com\/fr\/p\/film-solaire-teinte-noir-vitrostatic-90x200cm\/","title":{"rendered":"Film solaire teint\u00e9 noir vitrostatic &#8211; 90x200cm"},"content":{"rendered":"<p>Lorsque les vitrages sont expos\u00e9s au soleil, la temp\u00e9rature augmente et l&#39;\u00e9blouissment g\u00eane. Les films solaires pour fen\u00eatre permettent de vous prot\u00e9ger du soleil tout en laissant passer la lumi\u00e8re. Ils r\u00e9duisent la temp\u00e9rature ambiante et la d\u00e9coloration li\u00e9e aux UV de vos int\u00e9rieurs. De plus, ils prot\u00e8gent des regards indiscrets. Selon la protection voulue, vous pouvez opter pour le film teint\u00e9 noir, le films anti-chaleur ou le miroir sans tain.<\/p>\n","protected":false},"excerpt":{"rendered":"<p><UL><LI>Pose facile, sans colle, repositionnable<\/LI><LI>Film teint\u00e9 noir : 65% de la lumi\u00e8re rejet\u00e9e<\/LI><LI>Excellente protection contre les UV<\/LI><LI>Prot\u00e8ge contre l&#39;\u00e9blouissement du soleil<\/LI><LI>Emp\u00eache la d\u00e9coloration int\u00e9rieure des textiles et des meubles<\/LI><LI>Application sur toute surface vitr\u00e9e (fen\u00eatre, baie vitr\u00e9e, balcon vitr\u00e9, cloison de verre) sur face int\u00e9rieure du vitrage (dont la surface est < \u00e0 1,2m\u00b2) \u00e0 l&#39;aide d&#39;une raclette, d&#39;un cutter et d&#39;eau savonneuse<\/LI><\/UL><\/p>\n","protected":false},"featured_media":6191,"template":"","meta":[],"product_cat":[909,921],"product_tag":[],"wcpa_form_fields":null,"tiered_pricing_type":"fixed","tiered_pricing_fixed_rules":[],"_links":{"self":[{"href":"https:\/\/www.venilia.com\/fr\/wp-json\/wp\/v2\/product\/28142"}],"collection":[{"href":"https:\/\/www.venilia.com\/fr\/wp-json\/wp\/v2\/product"}],"about":[{"href":"https:\/\/www.venilia.com\/fr\/wp-json\/wp\/v2\/types\/product"}],"wp:featuredmedia":[{"embeddable":true,"href":"https:\/\/www.venilia.com\/fr\/wp-json\/wp\/v2\/media\/6191"}],"wp:attachment":[{"href":"https:\/\/www.venilia.com\/fr\/wp-json\/wp\/v2\/media?parent=28142"}],"wp:term":[{"taxonomy":"product_cat","embeddable":true,"href":"https:\/\/www.venilia.com\/fr\/wp-json\/wp\/v2\/product_cat?post=28142"},{"taxonomy":"product_tag","embeddable":true,"href":"https:\/\/www.venilia.com\/fr\/wp-json\/wp\/v2\/product_tag?post=28142"}],"curies":[{"name":"wp","href":"https:\/\/api.w.org\/{rel}","templated":true}]}}