{"id":28118,"date":"2023-11-02T16:08:29","date_gmt":"2022-05-31T20:04:55","guid":{"rendered":"https:\/\/venilia.insektenschutz365.eu\/p\/perfect-fix-adhesif-black-wood-45x200cm\/"},"modified":"2024-04-26T11:37:22","modified_gmt":"2024-04-26T09:37:22","slug":"perfect-fix-adhesif-black-wood-45x200cm","status":"publish","type":"product","link":"https:\/\/www.venilia.com\/fr\/p\/perfect-fix-adhesif-black-wood-45x200cm\/","title":{"rendered":"Perfect Fix\u00ae Adh\u00e9sif Black wood &#8211; 45x200cm"},"content":{"rendered":"<p><span style=&quot;font-size:12px&quot;>Nos adh\u00e9sifs imprim\u00e9s s&#39;inscrivent dans les tendances: esprit v\u00e9g\u00e9tal, motifs g\u00e9om\u00e9triques et effets 3D. Choisissez le motif qui vous plait pour d\u00e9corer votre bureau, votre porte, votre chambre ou autre objet de la maison!<\/span><\/p>\n","protected":false},"excerpt":{"rendered":"<p><UL><LI>Application facile et pratique<\/LI><LI>Temps de repositionnement 20min<\/LI><LI>R\u00e9sistance \u00e0 l&#39;eau et \u00e0 la chaleur jusqu&#39;\u00e0 50\u00b0<\/LI><LI>Film PVC adh\u00e9sif sans phtalates<\/LI><\/UL><\/p>\n","protected":false},"featured_media":52518,"template":"","meta":[],"product_cat":[909,913],"product_tag":[],"wcpa_form_fields":null,"tiered_pricing_type":"fixed","tiered_pricing_fixed_rules":[],"_links":{"self":[{"href":"https:\/\/www.venilia.com\/fr\/wp-json\/wp\/v2\/product\/28118"}],"collection":[{"href":"https:\/\/www.venilia.com\/fr\/wp-json\/wp\/v2\/product"}],"about":[{"href":"https:\/\/www.venilia.com\/fr\/wp-json\/wp\/v2\/types\/product"}],"wp:featuredmedia":[{"embeddable":true,"href":"https:\/\/www.venilia.com\/fr\/wp-json\/wp\/v2\/media\/52518"}],"wp:attachment":[{"href":"https:\/\/www.venilia.com\/fr\/wp-json\/wp\/v2\/media?parent=28118"}],"wp:term":[{"taxonomy":"product_cat","embeddable":true,"href":"https:\/\/www.venilia.com\/fr\/wp-json\/wp\/v2\/product_cat?post=28118"},{"taxonomy":"product_tag","embeddable":true,"href":"https:\/\/www.venilia.com\/fr\/wp-json\/wp\/v2\/product_tag?post=28118"}],"curies":[{"name":"wp","href":"https:\/\/api.w.org\/{rel}","templated":true}]}}