{"id":28053,"date":"2023-11-02T16:02:33","date_gmt":"2022-06-09T17:42:12","guid":{"rendered":"https:\/\/venilia.insektenschutz365.eu\/p\/set-de-table-spiral-berry-38cm-ronde\/"},"modified":"2022-06-09T19:42:38","modified_gmt":"2022-06-09T17:42:38","slug":"set-de-table-spiral-berry-38cm-ronde","status":"publish","type":"product","link":"https:\/\/www.venilia.com\/fr\/p\/set-de-table-spiral-berry-38cm-ronde\/","title":{"rendered":"Set de table Spiral berry &#8211; 38cm, ronde"},"content":{"rendered":"<p>Ils associent \u00e9l\u00e9gance et fonctionnalit\u00e9. Les mod\u00e8les tress\u00e9s, \u00e0 la structure originale, sont faciles d&#39;entretien et conviennent aux int\u00e9rieurs design ou color\u00e9s.<\/p>\n","protected":false},"excerpt":{"rendered":"<p><UL><LI>Facile \u00e0 entretenir avec une \u00e9ponge humide<\/LI><LI>Set de table tiss\u00e9<\/LI><LI>100% polypropyl\u00e8ne<\/LI><LI>Contact alimentaire<\/LI><\/UL><\/p>\n","protected":false},"featured_media":5766,"template":"","meta":[],"product_cat":[927,929],"product_tag":[],"wcpa_form_fields":null,"tiered_pricing_type":"fixed","tiered_pricing_fixed_rules":[],"_links":{"self":[{"href":"https:\/\/www.venilia.com\/fr\/wp-json\/wp\/v2\/product\/28053"}],"collection":[{"href":"https:\/\/www.venilia.com\/fr\/wp-json\/wp\/v2\/product"}],"about":[{"href":"https:\/\/www.venilia.com\/fr\/wp-json\/wp\/v2\/types\/product"}],"wp:featuredmedia":[{"embeddable":true,"href":"https:\/\/www.venilia.com\/fr\/wp-json\/wp\/v2\/media\/5766"}],"wp:attachment":[{"href":"https:\/\/www.venilia.com\/fr\/wp-json\/wp\/v2\/media?parent=28053"}],"wp:term":[{"taxonomy":"product_cat","embeddable":true,"href":"https:\/\/www.venilia.com\/fr\/wp-json\/wp\/v2\/product_cat?post=28053"},{"taxonomy":"product_tag","embeddable":true,"href":"https:\/\/www.venilia.com\/fr\/wp-json\/wp\/v2\/product_tag?post=28053"}],"curies":[{"name":"wp","href":"https:\/\/api.w.org\/{rel}","templated":true}]}}