{"id":28047,"date":"2023-11-02T16:02:07","date_gmt":"2022-06-09T17:42:12","guid":{"rendered":"https:\/\/venilia.insektenschutz365.eu\/p\/nappe-toile-ciree-ylang-140x140cm-carree\/"},"modified":"2022-06-09T19:42:38","modified_gmt":"2022-06-09T17:42:38","slug":"nappe-toile-ciree-ylang-140x140cm-carree","status":"publish","type":"product","link":"https:\/\/www.venilia.com\/fr\/p\/nappe-toile-ciree-ylang-140x140cm-carree\/","title":{"rendered":"Nappe toile cir\u00e9e Ylang &#8211; 140x140cm, carr\u00e9e"},"content":{"rendered":"<p>A la recherche d&#39;une toile cir\u00e9e r\u00e9sistante et tendance? V\u00e9nilia a pens\u00e9 \u00e0 vous vec cette gamme aux motifs d\u00e9coratifs. Son dos au support non-tiss\u00e9 offre un rendu impeccable et facilite l&#39;entretien. De quoi embellir et prot\u00e9g\u00e9er votre table au quotidien!<\/p>\n","protected":false},"excerpt":{"rendered":"<p><UL><LI>Nappe imperm\u00e9able aux liquides<\/LI><LI>Facile \u00e0 entretenir avec une \u00e9ponge humide<\/LI><LI>Vernis sp\u00e9cial anti-taches<\/LI><LI>Film PVC imprim\u00e9 sur l&#39;endroit, support non-tiss\u00e9 sur l&#39;envers<\/LI><LI>Certifi\u00e9e contact alimentaire<\/LI><\/UL><\/p>\n","protected":false},"featured_media":5758,"template":"","meta":[],"product_cat":[930,934],"product_tag":[],"wcpa_form_fields":null,"tiered_pricing_type":"fixed","tiered_pricing_fixed_rules":[],"_links":{"self":[{"href":"https:\/\/www.venilia.com\/fr\/wp-json\/wp\/v2\/product\/28047"}],"collection":[{"href":"https:\/\/www.venilia.com\/fr\/wp-json\/wp\/v2\/product"}],"about":[{"href":"https:\/\/www.venilia.com\/fr\/wp-json\/wp\/v2\/types\/product"}],"wp:featuredmedia":[{"embeddable":true,"href":"https:\/\/www.venilia.com\/fr\/wp-json\/wp\/v2\/media\/5758"}],"wp:attachment":[{"href":"https:\/\/www.venilia.com\/fr\/wp-json\/wp\/v2\/media?parent=28047"}],"wp:term":[{"taxonomy":"product_cat","embeddable":true,"href":"https:\/\/www.venilia.com\/fr\/wp-json\/wp\/v2\/product_cat?post=28047"},{"taxonomy":"product_tag","embeddable":true,"href":"https:\/\/www.venilia.com\/fr\/wp-json\/wp\/v2\/product_tag?post=28047"}],"curies":[{"name":"wp","href":"https:\/\/api.w.org\/{rel}","templated":true}]}}