{"id":28035,"date":"2023-11-02T16:01:27","date_gmt":"2022-06-09T17:42:12","guid":{"rendered":"https:\/\/venilia.insektenschutz365.eu\/p\/protege-table-crystal-transparent-avec-papier-130cm-x-40m\/"},"modified":"2023-06-11T15:24:07","modified_gmt":"2023-06-11T13:24:07","slug":"protege-table-crystal-transparent-avec-papier-130cm-x-40m","status":"publish","type":"product","link":"https:\/\/www.venilia.com\/fr\/p\/protege-table-crystal-transparent-avec-papier-130cm-x-40m\/","title":{"rendered":"Prot\u00e8ge-table Crystal transparent avec papier &#8211; 130cm x 40m"},"content":{"rendered":"<p>La nappe en PVC transparente V\u00e9nilia offre une protection maximale contre les rayures, les salissures et l&#39;humidit\u00e9. Un simple coup d&#39;\u00e9ponge suffit pour la nettoyer, elle est id\u00e9ale pour mettre en valeur vos tables en verre ou en m\u00e9tal.&nbsp;<\/p>\n","protected":false},"excerpt":{"rendered":"<p><UL><LI>Protection contre les rayures, les salissures et l&#39;humidit\u00e9<\/LI><LI>Facile \u00e0 entretenir avec une \u00e9ponge humide<\/LI><LI>100% PVC transparent<\/LI><LI>Certifi\u00e9 contact alimentaire<\/LI><\/UL><\/p>\n","protected":false},"featured_media":5738,"template":"","meta":[],"product_cat":[923,925],"product_tag":[],"wcpa_form_fields":null,"tiered_pricing_type":"fixed","tiered_pricing_fixed_rules":[],"_links":{"self":[{"href":"https:\/\/www.venilia.com\/fr\/wp-json\/wp\/v2\/product\/28035"}],"collection":[{"href":"https:\/\/www.venilia.com\/fr\/wp-json\/wp\/v2\/product"}],"about":[{"href":"https:\/\/www.venilia.com\/fr\/wp-json\/wp\/v2\/types\/product"}],"wp:featuredmedia":[{"embeddable":true,"href":"https:\/\/www.venilia.com\/fr\/wp-json\/wp\/v2\/media\/5738"}],"wp:attachment":[{"href":"https:\/\/www.venilia.com\/fr\/wp-json\/wp\/v2\/media?parent=28035"}],"wp:term":[{"taxonomy":"product_cat","embeddable":true,"href":"https:\/\/www.venilia.com\/fr\/wp-json\/wp\/v2\/product_cat?post=28035"},{"taxonomy":"product_tag","embeddable":true,"href":"https:\/\/www.venilia.com\/fr\/wp-json\/wp\/v2\/product_tag?post=28035"}],"curies":[{"name":"wp","href":"https:\/\/api.w.org\/{rel}","templated":true}]}}