{"id":28032,"date":"2023-11-02T16:01:27","date_gmt":"2022-05-31T20:01:50","guid":{"rendered":"https:\/\/venilia.insektenschutz365.eu\/p\/tableau-blanc-1-feutre-45x150cm\/"},"modified":"2024-02-23T18:15:35","modified_gmt":"2024-02-23T17:15:35","slug":"tableau-blanc-1-feutre-45x150cm","status":"publish","type":"product","link":"https:\/\/www.venilia.com\/fr\/p\/tableau-blanc-1-feutre-45x150cm\/","title":{"rendered":"Tableau blanc + 1 feutre &#8211; 45x150cm"},"content":{"rendered":"<p>Film adh\u00e9sif tableau blanc, livr\u00e9 avec 1 feutre pour dessiner ou \u00e9crire<\/p>\n","protected":false},"excerpt":{"rendered":"<p><UL><LI>Application facile et pratique<\/LI><LI>Temps de repositionnement 20min<\/LI><LI>R\u00e9sistance \u00e0 l&#39;eau et \u00e0 la chaleur jusqu&#39;\u00e0 50\u00b0<\/LI><\/UL><\/p>\n","protected":false},"featured_media":690,"template":"","meta":[],"product_cat":[909,920],"product_tag":[],"wcpa_form_fields":null,"tiered_pricing_type":"fixed","tiered_pricing_fixed_rules":[],"_links":{"self":[{"href":"https:\/\/www.venilia.com\/fr\/wp-json\/wp\/v2\/product\/28032"}],"collection":[{"href":"https:\/\/www.venilia.com\/fr\/wp-json\/wp\/v2\/product"}],"about":[{"href":"https:\/\/www.venilia.com\/fr\/wp-json\/wp\/v2\/types\/product"}],"wp:featuredmedia":[{"embeddable":true,"href":"https:\/\/www.venilia.com\/fr\/wp-json\/wp\/v2\/media\/690"}],"wp:attachment":[{"href":"https:\/\/www.venilia.com\/fr\/wp-json\/wp\/v2\/media?parent=28032"}],"wp:term":[{"taxonomy":"product_cat","embeddable":true,"href":"https:\/\/www.venilia.com\/fr\/wp-json\/wp\/v2\/product_cat?post=28032"},{"taxonomy":"product_tag","embeddable":true,"href":"https:\/\/www.venilia.com\/fr\/wp-json\/wp\/v2\/product_tag?post=28032"}],"curies":[{"name":"wp","href":"https:\/\/api.w.org\/{rel}","templated":true}]}}