{"id":28029,"date":"2023-11-02T16:01:27","date_gmt":"2022-06-09T17:42:05","guid":{"rendered":"https:\/\/venilia.insektenschutz365.eu\/p\/tableau-noir-3-craies-45x150cm\/"},"modified":"2024-07-07T22:24:55","modified_gmt":"2024-07-07T20:24:55","slug":"tableau-noir-3-craies-45x150cm","status":"publish","type":"product","link":"https:\/\/www.venilia.com\/fr\/p\/tableau-noir-3-craies-45x150cm\/","title":{"rendered":"Tableau noir + 3 craies &#8211; 45x150cm"},"content":{"rendered":"<p>Film adh\u00e9sif tableau noir, livr\u00e9 avec 3 craies pour dessiner ou \u00e9crire<\/p>\n","protected":false},"excerpt":{"rendered":"<p><UL><LI>Application facile et pratique<\/LI><LI>Temps de repositionnement 20min<\/LI><LI>R\u00e9sistance \u00e0 l&#39;eau et \u00e0 la chaleur jusqu&#39;\u00e0 50\u00b0<\/LI><\/UL><\/p>\n","protected":false},"featured_media":701,"template":"","meta":[],"product_cat":[909,920],"product_tag":[],"wcpa_form_fields":null,"tiered_pricing_type":"fixed","tiered_pricing_fixed_rules":[],"_links":{"self":[{"href":"https:\/\/www.venilia.com\/fr\/wp-json\/wp\/v2\/product\/28029"}],"collection":[{"href":"https:\/\/www.venilia.com\/fr\/wp-json\/wp\/v2\/product"}],"about":[{"href":"https:\/\/www.venilia.com\/fr\/wp-json\/wp\/v2\/types\/product"}],"wp:featuredmedia":[{"embeddable":true,"href":"https:\/\/www.venilia.com\/fr\/wp-json\/wp\/v2\/media\/701"}],"wp:attachment":[{"href":"https:\/\/www.venilia.com\/fr\/wp-json\/wp\/v2\/media?parent=28029"}],"wp:term":[{"taxonomy":"product_cat","embeddable":true,"href":"https:\/\/www.venilia.com\/fr\/wp-json\/wp\/v2\/product_cat?post=28029"},{"taxonomy":"product_tag","embeddable":true,"href":"https:\/\/www.venilia.com\/fr\/wp-json\/wp\/v2\/product_tag?post=28029"}],"curies":[{"name":"wp","href":"https:\/\/api.w.org\/{rel}","templated":true}]}}