{"id":28023,"date":"2023-11-02T16:00:44","date_gmt":"2022-05-31T20:01:40","guid":{"rendered":"https:\/\/venilia.insektenschutz365.eu\/p\/nappe-bilbao-160cm-ronde\/"},"modified":"2022-06-01T12:59:06","modified_gmt":"2022-06-01T10:59:06","slug":"nappe-bilbao-160cm-ronde","status":"publish","type":"product","link":"https:\/\/www.venilia.com\/fr\/p\/nappe-bilbao-160cm-ronde\/","title":{"rendered":"Nappe Bilbao &#8211; 160cm, ronde"},"content":{"rendered":"<p><span style=&quot;font-size:12px&quot;>Le tissage traditionnel des nappes jacquard permet d\u2019obtenir des motifs qui ne sont pas imprim\u00e9s mais tiss\u00e9s. Cela les rend plus r\u00e9sistants \u00e0 l\u2019usure et leur donne du relief. Une double enduction acrylique renforc\u00e9e par un traitement haute protection les rend anti-taches. Aussi, les nappes jacquard marient tradition et esprit contemporain.<\/span><\/p>\n","protected":false},"excerpt":{"rendered":"<p><UL><LI>Nappe imperm\u00e9able aux liquides<\/LI><LI>Facile \u00e0 entretenir avec une \u00e9ponge humide<\/LI><LI>Qualit\u00e9 jacquard fran\u00e7ais &#8211; fibres teint\u00e9es dans la masse avant tissage<\/LI><LI>60 % coton 40% polyester avec double enduction acrylique trait\u00e9e anti-t\u00e2ches<\/LI><LI>Certifi\u00e9e contact alimentaire<\/LI><\/UL><\/p>\n","protected":false},"featured_media":5706,"template":"","meta":[],"product_cat":[930,935],"product_tag":[],"wcpa_form_fields":null,"tiered_pricing_type":"fixed","tiered_pricing_fixed_rules":[],"_links":{"self":[{"href":"https:\/\/www.venilia.com\/fr\/wp-json\/wp\/v2\/product\/28023"}],"collection":[{"href":"https:\/\/www.venilia.com\/fr\/wp-json\/wp\/v2\/product"}],"about":[{"href":"https:\/\/www.venilia.com\/fr\/wp-json\/wp\/v2\/types\/product"}],"wp:featuredmedia":[{"embeddable":true,"href":"https:\/\/www.venilia.com\/fr\/wp-json\/wp\/v2\/media\/5706"}],"wp:attachment":[{"href":"https:\/\/www.venilia.com\/fr\/wp-json\/wp\/v2\/media?parent=28023"}],"wp:term":[{"taxonomy":"product_cat","embeddable":true,"href":"https:\/\/www.venilia.com\/fr\/wp-json\/wp\/v2\/product_cat?post=28023"},{"taxonomy":"product_tag","embeddable":true,"href":"https:\/\/www.venilia.com\/fr\/wp-json\/wp\/v2\/product_tag?post=28023"}],"curies":[{"name":"wp","href":"https:\/\/api.w.org\/{rel}","templated":true}]}}