{"id":28017,"date":"2023-11-02T16:00:44","date_gmt":"2022-05-31T20:01:29","guid":{"rendered":"https:\/\/venilia.insektenschutz365.eu\/p\/nappe-coton-fantasy-160cm-ronde\/"},"modified":"2023-11-22T15:26:15","modified_gmt":"2023-11-22T14:26:15","slug":"nappe-coton-fantasy-160cm-ronde","status":"publish","type":"product","link":"https:\/\/www.venilia.com\/fr\/p\/nappe-coton-fantasy-160cm-ronde\/","title":{"rendered":"Nappe coton Fantasy &#8211; 160cm, ronde"},"content":{"rendered":"<p>Tr\u00e8s r\u00e9sistantes, ces nappes en coton sont recouvertes d&#39;une double enduction acrylique, qui les rendent r\u00e9sistantes \u00e0 l&#39;eau et aux taches. Elles poss\u00e8dent les qualit\u00e9s d&#39;une toile cir\u00e9e et la fluidit\u00e9 d&#39;une nappe en tissu.<\/p>\n","protected":false},"excerpt":{"rendered":"<p><UL><LI>Nappe imperm\u00e9able aux liquides<\/LI><LI>Facile \u00e0 entretenir avec une \u00e9ponge humide<\/LI><LI>Double enduction acrylique et traitement Teflon\u00ae<\/LI><LI>Tissu 100% coton imprim\u00e9<\/LI><LI>Certifi\u00e9e contact alimentaire<\/LI><\/UL><\/p>\n","protected":false},"featured_media":48988,"template":"","meta":[],"product_cat":[930,933],"product_tag":[],"wcpa_form_fields":null,"tiered_pricing_type":"fixed","tiered_pricing_fixed_rules":[],"_links":{"self":[{"href":"https:\/\/www.venilia.com\/fr\/wp-json\/wp\/v2\/product\/28017"}],"collection":[{"href":"https:\/\/www.venilia.com\/fr\/wp-json\/wp\/v2\/product"}],"about":[{"href":"https:\/\/www.venilia.com\/fr\/wp-json\/wp\/v2\/types\/product"}],"wp:featuredmedia":[{"embeddable":true,"href":"https:\/\/www.venilia.com\/fr\/wp-json\/wp\/v2\/media\/48988"}],"wp:attachment":[{"href":"https:\/\/www.venilia.com\/fr\/wp-json\/wp\/v2\/media?parent=28017"}],"wp:term":[{"taxonomy":"product_cat","embeddable":true,"href":"https:\/\/www.venilia.com\/fr\/wp-json\/wp\/v2\/product_cat?post=28017"},{"taxonomy":"product_tag","embeddable":true,"href":"https:\/\/www.venilia.com\/fr\/wp-json\/wp\/v2\/product_tag?post=28017"}],"curies":[{"name":"wp","href":"https:\/\/api.w.org\/{rel}","templated":true}]}}