{"id":28013,"date":"2023-11-02T16:00:44","date_gmt":"2022-05-31T20:01:19","guid":{"rendered":"https:\/\/venilia.insektenschutz365.eu\/p\/protege-table-crystal-cristina-blanc-140cm-ronde\/"},"modified":"2022-06-01T13:02:11","modified_gmt":"2022-06-01T11:02:11","slug":"protege-table-crystal-cristina-blanc-140cm-ronde","status":"publish","type":"product","link":"https:\/\/www.venilia.com\/fr\/p\/protege-table-crystal-cristina-blanc-140cm-ronde\/","title":{"rendered":"Prot\u00e8ge-table Crystal Cristina blanc &#8211; 140cm, ronde"},"content":{"rendered":"<p><span style=&quot;font-size:12px&quot;>Le prot\u00e8ge-table transparent, imprim\u00e9 ou non, offre une protection maximale contre les rayures, les salissures et l&#39;humidit\u00e9. Il met en valeur les tables en verre ou en m\u00e9tal.<\/span><\/p>\n","protected":false},"excerpt":{"rendered":"<p><UL><LI>100% PVC transparent<\/LI><LI>Diff\u00e9rentes \u00e9paisseurs (de 100 \u00e0 800\u00b5)<\/LI><LI>Protection contre les rayures, les salissures et l&#39;humidit\u00e9<\/LI><LI>Facile \u00e0 entretenir<\/LI><\/UL><\/p>\n","protected":false},"featured_media":5682,"template":"","meta":[],"product_cat":[923,925],"product_tag":[],"wcpa_form_fields":null,"tiered_pricing_type":"fixed","tiered_pricing_fixed_rules":[],"_links":{"self":[{"href":"https:\/\/www.venilia.com\/fr\/wp-json\/wp\/v2\/product\/28013"}],"collection":[{"href":"https:\/\/www.venilia.com\/fr\/wp-json\/wp\/v2\/product"}],"about":[{"href":"https:\/\/www.venilia.com\/fr\/wp-json\/wp\/v2\/types\/product"}],"wp:featuredmedia":[{"embeddable":true,"href":"https:\/\/www.venilia.com\/fr\/wp-json\/wp\/v2\/media\/5682"}],"wp:attachment":[{"href":"https:\/\/www.venilia.com\/fr\/wp-json\/wp\/v2\/media?parent=28013"}],"wp:term":[{"taxonomy":"product_cat","embeddable":true,"href":"https:\/\/www.venilia.com\/fr\/wp-json\/wp\/v2\/product_cat?post=28013"},{"taxonomy":"product_tag","embeddable":true,"href":"https:\/\/www.venilia.com\/fr\/wp-json\/wp\/v2\/product_tag?post=28013"}],"curies":[{"name":"wp","href":"https:\/\/api.w.org\/{rel}","templated":true}]}}