{"id":27985,"date":"2023-11-02T15:57:46","date_gmt":"2022-06-09T17:41:42","guid":{"rendered":"https:\/\/venilia.insektenschutz365.eu\/p\/set-de-table-feather-argent-45x30cm-rectangulaire\/"},"modified":"2022-06-09T19:41:55","modified_gmt":"2022-06-09T17:41:55","slug":"set-de-table-feather-argent-45x30cm-rectangulaire","status":"publish","type":"product","link":"https:\/\/www.venilia.com\/fr\/p\/set-de-table-feather-argent-45x30cm-rectangulaire\/","title":{"rendered":"Set de table Feather argent &#8211; 45x30cm, rectangulaire"},"content":{"rendered":"<p>Ils associent \u00e9l\u00e9gance et fonctionnalit\u00e9. Les mod\u00e8les tress\u00e9s, \u00e0 la structure originale, sont faciles d&#39;entretien et conviennent aux int\u00e9rieurs design ou color\u00e9s.<\/p>\n","protected":false},"excerpt":{"rendered":"<p><UL><LI>Facile \u00e0 entretenir avec une \u00e9ponge humide<\/LI><LI>Set de table tiss\u00e9 avec une p\u00e9aisseur de 0,8mm<\/LI><LI>60% poly\u00e9thyl\u00e8ne 40% polyester<\/LI><LI>Contact alimentaire<\/LI><\/UL><\/p>\n","protected":false},"featured_media":5590,"template":"","meta":[],"product_cat":[927,929],"product_tag":[],"wcpa_form_fields":null,"tiered_pricing_type":"fixed","tiered_pricing_fixed_rules":[],"_links":{"self":[{"href":"https:\/\/www.venilia.com\/fr\/wp-json\/wp\/v2\/product\/27985"}],"collection":[{"href":"https:\/\/www.venilia.com\/fr\/wp-json\/wp\/v2\/product"}],"about":[{"href":"https:\/\/www.venilia.com\/fr\/wp-json\/wp\/v2\/types\/product"}],"wp:featuredmedia":[{"embeddable":true,"href":"https:\/\/www.venilia.com\/fr\/wp-json\/wp\/v2\/media\/5590"}],"wp:attachment":[{"href":"https:\/\/www.venilia.com\/fr\/wp-json\/wp\/v2\/media?parent=27985"}],"wp:term":[{"taxonomy":"product_cat","embeddable":true,"href":"https:\/\/www.venilia.com\/fr\/wp-json\/wp\/v2\/product_cat?post=27985"},{"taxonomy":"product_tag","embeddable":true,"href":"https:\/\/www.venilia.com\/fr\/wp-json\/wp\/v2\/product_tag?post=27985"}],"curies":[{"name":"wp","href":"https:\/\/api.w.org\/{rel}","templated":true}]}}