{"id":27929,"date":"2023-11-02T15:54:24","date_gmt":"2022-06-09T17:40:57","guid":{"rendered":"https:\/\/venilia.insektenschutz365.eu\/p\/adhesif-granit-anthracite-45x150cm\/"},"modified":"2024-08-09T19:18:25","modified_gmt":"2024-08-09T17:18:25","slug":"adhesif-granit-anthracite-45x150cm","status":"publish","type":"product","link":"https:\/\/www.venilia.com\/fr\/p\/adhesif-granit-anthracite-45x150cm\/","title":{"rendered":"Adh\u00e9sif Granit anthracite &#8211; 45x150cm"},"content":{"rendered":"<p><span style=&quot;font-size:12px&quot;>Pas besoin d\u2019\u00eatre un pro de la d\u00e9co pour r\u00e9nover votre int\u00e9rieur, nos adh\u00e9sifs sont tr\u00e8s faciles \u00e0 poser. En plus, vous faites des \u00e9conomies et quel plaisir de r\u00e9aliser les choses soi-m\u00eame ! En un clin d\u2019\u0153il, votre pi\u00e8ce prend un coup de jeune !<\/span><\/p>\n","protected":false},"excerpt":{"rendered":"<p><UL><LI>Application facile et pratique<\/LI><LI>Temps de repositionnement 20min<\/LI><LI>R\u00e9sistance \u00e0 l&#39;eau et \u00e0 la chaleur jusqu&#39;\u00e0 50\u00b0<\/LI><LI>Film PVC adh\u00e9sif sans phtalates<\/LI><\/UL><\/p>\n","protected":false},"featured_media":5399,"template":"","meta":[],"product_cat":[909,918],"product_tag":[],"wcpa_form_fields":null,"tiered_pricing_type":"fixed","tiered_pricing_fixed_rules":[],"_links":{"self":[{"href":"https:\/\/www.venilia.com\/fr\/wp-json\/wp\/v2\/product\/27929"}],"collection":[{"href":"https:\/\/www.venilia.com\/fr\/wp-json\/wp\/v2\/product"}],"about":[{"href":"https:\/\/www.venilia.com\/fr\/wp-json\/wp\/v2\/types\/product"}],"wp:featuredmedia":[{"embeddable":true,"href":"https:\/\/www.venilia.com\/fr\/wp-json\/wp\/v2\/media\/5399"}],"wp:attachment":[{"href":"https:\/\/www.venilia.com\/fr\/wp-json\/wp\/v2\/media?parent=27929"}],"wp:term":[{"taxonomy":"product_cat","embeddable":true,"href":"https:\/\/www.venilia.com\/fr\/wp-json\/wp\/v2\/product_cat?post=27929"},{"taxonomy":"product_tag","embeddable":true,"href":"https:\/\/www.venilia.com\/fr\/wp-json\/wp\/v2\/product_tag?post=27929"}],"curies":[{"name":"wp","href":"https:\/\/api.w.org\/{rel}","templated":true}]}}