{"id":27881,"date":"2023-11-02T15:52:22","date_gmt":"2022-06-09T17:40:27","guid":{"rendered":"https:\/\/venilia.insektenschutz365.eu\/p\/revetement-multi-usages-venisoft-triangles-40x65cm\/"},"modified":"2022-06-09T19:40:47","modified_gmt":"2022-06-09T17:40:47","slug":"revetement-multi-usages-venisoft-triangles-40x65cm","status":"publish","type":"product","link":"https:\/\/www.venilia.com\/fr\/p\/revetement-multi-usages-venisoft-triangles-40x65cm\/","title":{"rendered":"Rev\u00eatement multi-usages Venisoft Triangles &#8211; 40x65cm"},"content":{"rendered":"<p>Le rev\u00eatement multi-usages Venisoft va se rendre utile dans votre cuisine, votre salle de bain ou pr\u00e8s de votre \u00e9vier. De plus, il va vous apporter une touche de couleur s\u2019inscrivant dans les tendances&nbsp;!<\/p>\n","protected":false},"excerpt":{"rendered":"<p><UL><LI>Lavable<\/LI><LI>Antibact\u00e9rien<\/LI><LI>Anti-d\u00e9rapant et anti-choc<\/LI><LI>Isolant du chaud, du froid et de l\u2019humidit\u00e9<\/LI><LI>Structure a\u00e9r\u00e9e permettant l\u2019\u00e9vacuation d\u2019eau<\/LI><\/UL><\/p>\n","protected":false},"featured_media":5273,"template":"","meta":[],"product_cat":[906,907],"product_tag":[],"wcpa_form_fields":null,"tiered_pricing_type":"fixed","tiered_pricing_fixed_rules":[],"_links":{"self":[{"href":"https:\/\/www.venilia.com\/fr\/wp-json\/wp\/v2\/product\/27881"}],"collection":[{"href":"https:\/\/www.venilia.com\/fr\/wp-json\/wp\/v2\/product"}],"about":[{"href":"https:\/\/www.venilia.com\/fr\/wp-json\/wp\/v2\/types\/product"}],"wp:featuredmedia":[{"embeddable":true,"href":"https:\/\/www.venilia.com\/fr\/wp-json\/wp\/v2\/media\/5273"}],"wp:attachment":[{"href":"https:\/\/www.venilia.com\/fr\/wp-json\/wp\/v2\/media?parent=27881"}],"wp:term":[{"taxonomy":"product_cat","embeddable":true,"href":"https:\/\/www.venilia.com\/fr\/wp-json\/wp\/v2\/product_cat?post=27881"},{"taxonomy":"product_tag","embeddable":true,"href":"https:\/\/www.venilia.com\/fr\/wp-json\/wp\/v2\/product_tag?post=27881"}],"curies":[{"name":"wp","href":"https:\/\/api.w.org\/{rel}","templated":true}]}}