{"id":27845,"date":"2023-11-02T15:49:50","date_gmt":"2022-06-09T17:39:55","guid":{"rendered":"https:\/\/venilia.insektenschutz365.eu\/p\/revetement-antiderapant-venigrip-eva-transparent-30x150cm\/"},"modified":"2022-06-09T19:40:15","modified_gmt":"2022-06-09T17:40:15","slug":"revetement-antiderapant-venigrip-eva-transparent-30x150cm","status":"publish","type":"product","link":"https:\/\/www.venilia.com\/fr\/p\/revetement-antiderapant-venigrip-eva-transparent-30x150cm\/","title":{"rendered":"Rev\u00eatement antid\u00e9rapant Venigrip EVA transparent &#8211; 30x150cm"},"content":{"rendered":"<p><span style=&quot;font-size:12px&quot;>Antibact\u00e9rien, anti-salissures et imperm\u00e9able, il prot\u00e8ge de nombreuses surfaces: tiroirs, r\u00e9frig\u00e9rateurs, tablettes, buffets, armoire \u00e0 chaussures, vaisseliers et autres surfaces.<\/span><\/p>\n","protected":false},"excerpt":{"rendered":"<p><UL><LI>Lavable en lave-vaisselle<\/LI><LI>Anti-glisse, amortissant des chocs<\/LI><LI>Antibact\u00e9rien<\/LI><LI>Anti-salissures et imperm\u00e9able<\/LI><LI>Support EVA, sans PVC<\/LI><LI>Convient pour aliments, contact alimentaire<\/LI><\/UL><\/p>\n","protected":false},"featured_media":5183,"template":"","meta":[],"product_cat":[906,908],"product_tag":[],"wcpa_form_fields":null,"tiered_pricing_type":"fixed","tiered_pricing_fixed_rules":[],"_links":{"self":[{"href":"https:\/\/www.venilia.com\/fr\/wp-json\/wp\/v2\/product\/27845"}],"collection":[{"href":"https:\/\/www.venilia.com\/fr\/wp-json\/wp\/v2\/product"}],"about":[{"href":"https:\/\/www.venilia.com\/fr\/wp-json\/wp\/v2\/types\/product"}],"wp:featuredmedia":[{"embeddable":true,"href":"https:\/\/www.venilia.com\/fr\/wp-json\/wp\/v2\/media\/5183"}],"wp:attachment":[{"href":"https:\/\/www.venilia.com\/fr\/wp-json\/wp\/v2\/media?parent=27845"}],"wp:term":[{"taxonomy":"product_cat","embeddable":true,"href":"https:\/\/www.venilia.com\/fr\/wp-json\/wp\/v2\/product_cat?post=27845"},{"taxonomy":"product_tag","embeddable":true,"href":"https:\/\/www.venilia.com\/fr\/wp-json\/wp\/v2\/product_tag?post=27845"}],"curies":[{"name":"wp","href":"https:\/\/api.w.org\/{rel}","templated":true}]}}