{"id":27808,"date":"2023-11-02T15:48:21","date_gmt":"2022-06-09T17:39:33","guid":{"rendered":"https:\/\/venilia.insektenschutz365.eu\/p\/nappe-de-jardin-taupe-uni-110x140cm-rectangulaire\/"},"modified":"2022-06-09T19:39:52","modified_gmt":"2022-06-09T17:39:52","slug":"nappe-de-jardin-taupe-uni-110x140cm-rectangulaire","status":"publish","type":"product","link":"https:\/\/www.venilia.com\/fr\/p\/nappe-de-jardin-taupe-uni-110x140cm-rectangulaire\/","title":{"rendered":"Nappe de jardin Taupe uni &#8211; 110x140cm, rectangulaire"},"content":{"rendered":"<p><span style=&quot;font-size:12px&quot;>Fonctionnelle et pratique, cette nappe d&#39;ext\u00e9rieur offre non seulement des motifs color\u00e9s, mais \u00e9galement une excellente protection contre les chocs pour votre table. Constitu\u00e9e d&#39;une mousse de PVC agr\u00e9able au touhcer, la nappe jardin est r\u00e9sistante, antid\u00e9rapante et hydrofuge.<\/span><\/p>\n","protected":false},"excerpt":{"rendered":"<p><UL><LI>Mousse PVC et trame de renforcement polyester<\/LI><LI>Antichocs<\/LI><LI>Antid\u00e9rapant et d\u00e9perlant<\/LI><LI>Facile \u00e0 entretenir avec une \u00e9ponge humide<\/LI><LI>Certifi\u00e9 contact alimentaire<\/LI><\/UL><\/p>\n","protected":false},"featured_media":4979,"template":"","meta":[],"product_cat":[930,931],"product_tag":[],"wcpa_form_fields":null,"tiered_pricing_type":"fixed","tiered_pricing_fixed_rules":[],"_links":{"self":[{"href":"https:\/\/www.venilia.com\/fr\/wp-json\/wp\/v2\/product\/27808"}],"collection":[{"href":"https:\/\/www.venilia.com\/fr\/wp-json\/wp\/v2\/product"}],"about":[{"href":"https:\/\/www.venilia.com\/fr\/wp-json\/wp\/v2\/types\/product"}],"wp:featuredmedia":[{"embeddable":true,"href":"https:\/\/www.venilia.com\/fr\/wp-json\/wp\/v2\/media\/4979"}],"wp:attachment":[{"href":"https:\/\/www.venilia.com\/fr\/wp-json\/wp\/v2\/media?parent=27808"}],"wp:term":[{"taxonomy":"product_cat","embeddable":true,"href":"https:\/\/www.venilia.com\/fr\/wp-json\/wp\/v2\/product_cat?post=27808"},{"taxonomy":"product_tag","embeddable":true,"href":"https:\/\/www.venilia.com\/fr\/wp-json\/wp\/v2\/product_tag?post=27808"}],"curies":[{"name":"wp","href":"https:\/\/api.w.org\/{rel}","templated":true}]}}