{"id":27766,"date":"2022-05-31T21:54:19","date_gmt":"2022-05-31T19:54:19","guid":{"rendered":"https:\/\/venilia.insektenschutz365.eu\/p\/film-vitrostatique-stars-45x150cm\/"},"modified":"2022-05-31T21:54:27","modified_gmt":"2022-05-31T19:54:27","slug":"film-vitrostatique-stars-45x150cm","status":"publish","type":"product","link":"https:\/\/www.venilia.com\/fr\/p\/film-vitrostatique-stars-45x150cm\/","title":{"rendered":"Film vitrostatique Stars &#8211; 45x150cm"},"content":{"rendered":"<p>Die selbst haftenden Folien (ohne Klebestoff!) sch\u00fctzen Sie vor indiskreten Blicken und sind gleichzeitig sehr lichtdurchl\u00e4ssig. Sie k\u00f6nnen ganz einfach auf Fensterscheiben (Innenseite), Glast\u00fcren ans Duschkabinen angebracht werden. Ein Grosser Klassiker von V\u00e9nilia!<\/p>\n","protected":false},"excerpt":{"rendered":"<p>Die selbst haftenden Folien (ohne Klebestoff!) sch\u00fctzen Sie vor indiskreten Blicken und sind gleichzeitig sehr lichtdurchl\u00e4ssig. Sie k\u00f6nnen ganz einfach auf Fensterscheiben (Innenseite), Glast\u00fcren ans Duschkabinen angebracht werden. Ein Grosser Klassiker von V\u00e9nilia!<\/p>\n","protected":false},"featured_media":4856,"template":"","meta":[],"product_cat":[909,911],"product_tag":[],"wcpa_form_fields":null,"tiered_pricing_type":"fixed","tiered_pricing_fixed_rules":[],"_links":{"self":[{"href":"https:\/\/www.venilia.com\/fr\/wp-json\/wp\/v2\/product\/27766"}],"collection":[{"href":"https:\/\/www.venilia.com\/fr\/wp-json\/wp\/v2\/product"}],"about":[{"href":"https:\/\/www.venilia.com\/fr\/wp-json\/wp\/v2\/types\/product"}],"wp:featuredmedia":[{"embeddable":true,"href":"https:\/\/www.venilia.com\/fr\/wp-json\/wp\/v2\/media\/4856"}],"wp:attachment":[{"href":"https:\/\/www.venilia.com\/fr\/wp-json\/wp\/v2\/media?parent=27766"}],"wp:term":[{"taxonomy":"product_cat","embeddable":true,"href":"https:\/\/www.venilia.com\/fr\/wp-json\/wp\/v2\/product_cat?post=27766"},{"taxonomy":"product_tag","embeddable":true,"href":"https:\/\/www.venilia.com\/fr\/wp-json\/wp\/v2\/product_tag?post=27766"}],"curies":[{"name":"wp","href":"https:\/\/api.w.org\/{rel}","templated":true}]}}