{"id":27747,"date":"2023-11-02T15:45:21","date_gmt":"2022-06-09T17:38:45","guid":{"rendered":"https:\/\/venilia.insektenschutz365.eu\/p\/film-vitrostatique-aires-3d-45x150cm\/"},"modified":"2022-10-23T09:40:18","modified_gmt":"2022-10-23T07:40:18","slug":"film-vitrostatique-aires-3d-45x150cm","status":"publish","type":"product","link":"https:\/\/www.venilia.com\/fr\/p\/film-vitrostatique-aires-3d-45x150cm\/","title":{"rendered":"Film vitrostatique Aires 3D &#8211; 45x150cm"},"content":{"rendered":"<p>Nos diff\u00e9rents mod\u00e8les de films vitrostatiques sont parfaitement adapt\u00e9s pour prot\u00e9ger votre intimit\u00e9 tout en laissant passer la lumi\u00e8re Nos diff\u00e9rents mod\u00e8les de films vistrostatiques sont parfaitement adapt\u00e9s pour prot\u00e9ger votre intimit\u00e9 tout en laissant passer la lumi\u00e8re. Un moyen tr\u00e8s efficace pou. Un moyen tr\u00e8s efficace pour \u00e9viter le vis-\u00e0-vis et d\u00e9corer vos surfaces vitr\u00e9es, gr\u00e2ce \u00e0 de nombreux dessins: g\u00e9om\u00e9triques, v\u00e9g\u00e9taux , translucides ou color\u00e9s.<\/p>\n","protected":false},"excerpt":{"rendered":"<p><UL><LI>Application facile, sans colle<\/LI><LI>Repositionnable \u00e0 l&#39;infini<\/LI><LI>R\u00e9sistance \u00e0 l&#39;eau et \u00e0 la chaleur jusqu&#39;\u00e0 50\u00b0<\/LI><LI>Protection des regards<\/LI><LI>Film vitrostatique haut de gamme avec une \u00e9paisseur sup\u00e9rieure<\/LI><LI>Film PVC sans phtalates<\/LI><\/UL><\/p>\n","protected":false},"featured_media":4801,"template":"","meta":[],"product_cat":[909,911],"product_tag":[],"wcpa_form_fields":null,"tiered_pricing_type":"fixed","tiered_pricing_fixed_rules":[],"_links":{"self":[{"href":"https:\/\/www.venilia.com\/fr\/wp-json\/wp\/v2\/product\/27747"}],"collection":[{"href":"https:\/\/www.venilia.com\/fr\/wp-json\/wp\/v2\/product"}],"about":[{"href":"https:\/\/www.venilia.com\/fr\/wp-json\/wp\/v2\/types\/product"}],"wp:featuredmedia":[{"embeddable":true,"href":"https:\/\/www.venilia.com\/fr\/wp-json\/wp\/v2\/media\/4801"}],"wp:attachment":[{"href":"https:\/\/www.venilia.com\/fr\/wp-json\/wp\/v2\/media?parent=27747"}],"wp:term":[{"taxonomy":"product_cat","embeddable":true,"href":"https:\/\/www.venilia.com\/fr\/wp-json\/wp\/v2\/product_cat?post=27747"},{"taxonomy":"product_tag","embeddable":true,"href":"https:\/\/www.venilia.com\/fr\/wp-json\/wp\/v2\/product_tag?post=27747"}],"curies":[{"name":"wp","href":"https:\/\/api.w.org\/{rel}","templated":true}]}}