{"id":27693,"date":"2023-11-02T15:41:38","date_gmt":"2022-06-09T17:37:23","guid":{"rendered":"https:\/\/venilia.insektenschutz365.eu\/p\/sous-tapis-venigrip-60x120cm\/"},"modified":"2024-02-10T16:15:52","modified_gmt":"2024-02-10T15:15:52","slug":"sous-tapis-venigrip-60x120cm","status":"publish","type":"product","link":"https:\/\/www.venilia.com\/fr\/p\/sous-tapis-venigrip-60x120cm\/","title":{"rendered":"Sous tapis Venigrip &#8211; 60x120cm"},"content":{"rendered":"<p><strong>Teppichgleitschutz h\u00e4lt den Teppich an seinem Platz<\/strong><\/p>\n<p>Der&nbsp;<strong>V\u00e9nilia Teppichgleitschutz Venigrip&nbsp;<\/strong>ist speziell konzipiert worden, um ein&nbsp;<strong>Rutschen des Teppichs<\/strong>&nbsp;auf glatten Oberfl\u00e4chen (Fliesen, Parkett, Laminat, Linoleum,\u2026) zu&nbsp;<strong>vermeiden.<\/strong>&nbsp;Man platziert die Anti-Rutsch-Unterlage&nbsp;direkt unter dem Teppich oder L\u00e4ufer, um Stabilit\u00e4t zu gew\u00e4hrleisten. T\u00e4tigkeiten wie Staubsaugen werden dadurch erleichtert und der&nbsp;<strong>Boden<\/strong>&nbsp;zus\u00e4tzlich&nbsp;<strong>geschont.<\/strong><\/p>\n<p>Das Gitternetz passt unter fast jeden Teppich und kann mit Schere \/ Cuttermesser auf die gew\u00fcnschte Gr\u00f6\u00dfe zugeschniten werden<\/p>\n","protected":false},"excerpt":{"rendered":"<p><UL><LI>D\u00fcnne Antirutschmatte als Teppichunterlage<\/LI><LI>Teppich bleibt dank Antihaftwirkung glatt liegen<\/LI><LI>Rutschgefahr wird vermindert<\/LI><LI>F\u00fcr B\u00f6den mit Fu\u00dfbodenheizung geeignet<\/LI><LI>Einfaches individuelles Zuschneiden m\u00f6glich<\/LI><\/UL><\/p>\n","protected":false},"featured_media":4649,"template":"","meta":[],"product_cat":[906,907],"product_tag":[],"wcpa_form_fields":null,"tiered_pricing_type":"fixed","tiered_pricing_fixed_rules":[],"_links":{"self":[{"href":"https:\/\/www.venilia.com\/fr\/wp-json\/wp\/v2\/product\/27693"}],"collection":[{"href":"https:\/\/www.venilia.com\/fr\/wp-json\/wp\/v2\/product"}],"about":[{"href":"https:\/\/www.venilia.com\/fr\/wp-json\/wp\/v2\/types\/product"}],"wp:featuredmedia":[{"embeddable":true,"href":"https:\/\/www.venilia.com\/fr\/wp-json\/wp\/v2\/media\/4649"}],"wp:attachment":[{"href":"https:\/\/www.venilia.com\/fr\/wp-json\/wp\/v2\/media?parent=27693"}],"wp:term":[{"taxonomy":"product_cat","embeddable":true,"href":"https:\/\/www.venilia.com\/fr\/wp-json\/wp\/v2\/product_cat?post=27693"},{"taxonomy":"product_tag","embeddable":true,"href":"https:\/\/www.venilia.com\/fr\/wp-json\/wp\/v2\/product_tag?post=27693"}],"curies":[{"name":"wp","href":"https:\/\/api.w.org\/{rel}","templated":true}]}}