{"id":27687,"date":"2023-11-02T15:41:38","date_gmt":"2022-06-09T17:37:23","guid":{"rendered":"https:\/\/venilia.insektenschutz365.eu\/p\/revetement-antiderapant-venigrip-pvc-rouge-30x150cm\/"},"modified":"2023-02-12T10:52:34","modified_gmt":"2023-02-12T09:52:34","slug":"revetement-antiderapant-venigrip-pvc-rouge-30x150cm","status":"publish","type":"product","link":"https:\/\/www.venilia.com\/fr\/p\/revetement-antiderapant-venigrip-pvc-rouge-30x150cm\/","title":{"rendered":"Rev\u00eatement antid\u00e9rapant Venigrip PVC rouge &#8211; 30x150cm"},"content":{"rendered":"<p><span style=&quot;font-size:12px&quot;>Le rev\u00eatement V\u00e9nigrip est id\u00e9al pour les \u00e9tag\u00e8res, sous la vaisselle, \u00e0 l&#39;int\u00e9rieur des placards, des tiroirs, sous des appareils \u00e9letrom\u00e9nagers, dans le coffre d&#39;une voiture. Avec V\u00e9nigrip, prot\u00e9gez efficacement vos objets fragiles de la glisse !<\/span><\/p>\n","protected":false},"excerpt":{"rendered":"<p><UL><LI>Lavable en machine \u00e0 30\u00b0 sans essorage<\/LI><LI>Antid\u00e9rapant et antichocs<\/LI><LI>Ind\u00e9chirable<\/LI><LI>R\u00e9utilisable car durable<\/LI><\/UL><\/p>\n","protected":false},"featured_media":4627,"template":"","meta":[],"product_cat":[906,908],"product_tag":[],"wcpa_form_fields":null,"tiered_pricing_type":"fixed","tiered_pricing_fixed_rules":[],"_links":{"self":[{"href":"https:\/\/www.venilia.com\/fr\/wp-json\/wp\/v2\/product\/27687"}],"collection":[{"href":"https:\/\/www.venilia.com\/fr\/wp-json\/wp\/v2\/product"}],"about":[{"href":"https:\/\/www.venilia.com\/fr\/wp-json\/wp\/v2\/types\/product"}],"wp:featuredmedia":[{"embeddable":true,"href":"https:\/\/www.venilia.com\/fr\/wp-json\/wp\/v2\/media\/4627"}],"wp:attachment":[{"href":"https:\/\/www.venilia.com\/fr\/wp-json\/wp\/v2\/media?parent=27687"}],"wp:term":[{"taxonomy":"product_cat","embeddable":true,"href":"https:\/\/www.venilia.com\/fr\/wp-json\/wp\/v2\/product_cat?post=27687"},{"taxonomy":"product_tag","embeddable":true,"href":"https:\/\/www.venilia.com\/fr\/wp-json\/wp\/v2\/product_tag?post=27687"}],"curies":[{"name":"wp","href":"https:\/\/api.w.org\/{rel}","templated":true}]}}