{"id":27603,"date":"2023-11-02T15:36:58","date_gmt":"2022-06-09T17:36:45","guid":{"rendered":"https:\/\/venilia.insektenschutz365.eu\/p\/nappe-de-fete-party-bleu-100x250cm\/"},"modified":"2023-01-29T21:23:21","modified_gmt":"2023-01-29T20:23:21","slug":"nappe-de-fete-party-bleu-100x250cm","status":"publish","type":"product","link":"https:\/\/www.venilia.com\/fr\/p\/nappe-de-fete-party-bleu-100x250cm\/","title":{"rendered":"Nappe de f\u00eate Party bleu &#8211; 100x250cm"},"content":{"rendered":"<p><span style=&quot;font-size:12px&quot;>Une protection \u00e9conomique de votre table ext\u00e9rieure, avec une surface brillante. Id\u00e9al pour les f\u00eates d&#39;anniversaire de vos enfants, \u00e0 usage unique!<\/span><\/p>\n","protected":false},"excerpt":{"rendered":"<p><UL><LI>Film 100% poly\u00e9thyl\u00e8ne<\/LI><LI>Imperm\u00e9able aux liquides<\/LI><LI>Facile \u00e0 entretenir avec une \u00e9ponge humide<\/LI><LI>Economique<\/LI><\/UL><\/p>\n","protected":false},"featured_media":4299,"template":"","meta":[],"product_cat":[923,926],"product_tag":[],"wcpa_form_fields":null,"tiered_pricing_type":"fixed","tiered_pricing_fixed_rules":[],"_links":{"self":[{"href":"https:\/\/www.venilia.com\/fr\/wp-json\/wp\/v2\/product\/27603"}],"collection":[{"href":"https:\/\/www.venilia.com\/fr\/wp-json\/wp\/v2\/product"}],"about":[{"href":"https:\/\/www.venilia.com\/fr\/wp-json\/wp\/v2\/types\/product"}],"wp:featuredmedia":[{"embeddable":true,"href":"https:\/\/www.venilia.com\/fr\/wp-json\/wp\/v2\/media\/4299"}],"wp:attachment":[{"href":"https:\/\/www.venilia.com\/fr\/wp-json\/wp\/v2\/media?parent=27603"}],"wp:term":[{"taxonomy":"product_cat","embeddable":true,"href":"https:\/\/www.venilia.com\/fr\/wp-json\/wp\/v2\/product_cat?post=27603"},{"taxonomy":"product_tag","embeddable":true,"href":"https:\/\/www.venilia.com\/fr\/wp-json\/wp\/v2\/product_tag?post=27603"}],"curies":[{"name":"wp","href":"https:\/\/api.w.org\/{rel}","templated":true}]}}