{"id":27583,"date":"2022-05-31T23:28:45","date_gmt":"2022-05-31T19:49:40","guid":{"rendered":"https:\/\/venilia.insektenschutz365.eu\/p\/nappe-toile-ciree-cube-bleu-140x140cm-carree\/"},"modified":"2022-06-01T12:59:12","modified_gmt":"2022-06-01T10:59:12","slug":"nappe-toile-ciree-cube-bleu-140x140cm-carree","status":"publish","type":"product","link":"https:\/\/www.venilia.com\/fr\/p\/nappe-toile-ciree-cube-bleu-140x140cm-carree\/","title":{"rendered":"Nappe toile cir\u00e9e Cube bleu &#8211; 140x140cm, carr\u00e9e"},"content":{"rendered":"<p><span style=&quot;font-size:12px&quot;>Cette collection se d\u00e9marque avec des toiles cir\u00e9es textur\u00e9es aux motifs innovants, avec le toucher et l&#39;apparence du textile. Elle conserve les qualit\u00e9s que vous appr\u00e9ciez tant: r\u00e9sistance et facilit\u00e9 d&#39;entretien! Avec ses motifs tendances, elle embellit votre maison avec des coloris pastels ou vifs.<\/span><\/p>\n","protected":false},"excerpt":{"rendered":"<p><UL><LI>Nappe imperm\u00e9able aux liquides<\/LI><LI>Facile \u00e0 entretenir avec une \u00e9ponge humide<\/LI><LI>Vernis sp\u00e9cial anti-taches<\/LI><LI>Toile cir\u00e9e au touch\u00e9 textur\u00e9<\/LI><LI>Film PVC imprim\u00e9 sur l&#39;endroit, support non tiss\u00e9 sur l&#39;envers<\/LI><LI>Certifi\u00e9e contact alimentaire<\/LI><\/UL><\/p>\n","protected":false},"featured_media":53922,"template":"","meta":[],"product_cat":[930,938],"product_tag":[],"wcpa_form_fields":null,"tiered_pricing_type":"fixed","tiered_pricing_fixed_rules":[],"_links":{"self":[{"href":"https:\/\/www.venilia.com\/fr\/wp-json\/wp\/v2\/product\/27583"}],"collection":[{"href":"https:\/\/www.venilia.com\/fr\/wp-json\/wp\/v2\/product"}],"about":[{"href":"https:\/\/www.venilia.com\/fr\/wp-json\/wp\/v2\/types\/product"}],"wp:featuredmedia":[{"embeddable":true,"href":"https:\/\/www.venilia.com\/fr\/wp-json\/wp\/v2\/media\/53922"}],"wp:attachment":[{"href":"https:\/\/www.venilia.com\/fr\/wp-json\/wp\/v2\/media?parent=27583"}],"wp:term":[{"taxonomy":"product_cat","embeddable":true,"href":"https:\/\/www.venilia.com\/fr\/wp-json\/wp\/v2\/product_cat?post=27583"},{"taxonomy":"product_tag","embeddable":true,"href":"https:\/\/www.venilia.com\/fr\/wp-json\/wp\/v2\/product_tag?post=27583"}],"curies":[{"name":"wp","href":"https:\/\/api.w.org\/{rel}","templated":true}]}}