{"id":27579,"date":"2023-11-02T15:35:41","date_gmt":"2022-05-31T19:49:29","guid":{"rendered":"https:\/\/venilia.insektenschutz365.eu\/p\/film-vetrodecor-sacey-45x200cm\/"},"modified":"2024-06-19T11:47:49","modified_gmt":"2024-06-19T09:47:49","slug":"film-vetrodecor-sacey-45x200cm","status":"publish","type":"product","link":"https:\/\/www.venilia.com\/fr\/p\/film-vetrodecor-sacey-45x200cm\/","title":{"rendered":"Film Vetrod\u00e9cor Sacey &#8211; 45x200cm"},"content":{"rendered":"<p>Film adh\u00e9sifs id\u00e9al pour la d\u00e9coration de fen\u00eatres dans votre salon ou vos sanitaires. Le film vitrodecor constitue une alternative color\u00e9e aux verres d\u00e9polis ordinaires.<\/p>\n","protected":false},"excerpt":{"rendered":"<p><UL><LI>Application facile et pratique<\/LI><LI>Temps de repositionnement 20min<\/LI><LI>Protection des regards<\/LI><LI>R\u00e9sistance \u00e0 l&#39;eau et \u00e0 la chaleur jusqu&#39;\u00e0 50\u00b0<\/LI><LI>Film PVC adh\u00e9sif sans phtalates<\/LI><LI>Film d\u00e9coratif pour vitres<\/LI><\/UL><\/p>\n","protected":false},"featured_media":4187,"template":"","meta":[],"product_cat":[909,910],"product_tag":[],"wcpa_form_fields":null,"tiered_pricing_type":"fixed","tiered_pricing_fixed_rules":[],"_links":{"self":[{"href":"https:\/\/www.venilia.com\/fr\/wp-json\/wp\/v2\/product\/27579"}],"collection":[{"href":"https:\/\/www.venilia.com\/fr\/wp-json\/wp\/v2\/product"}],"about":[{"href":"https:\/\/www.venilia.com\/fr\/wp-json\/wp\/v2\/types\/product"}],"wp:featuredmedia":[{"embeddable":true,"href":"https:\/\/www.venilia.com\/fr\/wp-json\/wp\/v2\/media\/4187"}],"wp:attachment":[{"href":"https:\/\/www.venilia.com\/fr\/wp-json\/wp\/v2\/media?parent=27579"}],"wp:term":[{"taxonomy":"product_cat","embeddable":true,"href":"https:\/\/www.venilia.com\/fr\/wp-json\/wp\/v2\/product_cat?post=27579"},{"taxonomy":"product_tag","embeddable":true,"href":"https:\/\/www.venilia.com\/fr\/wp-json\/wp\/v2\/product_tag?post=27579"}],"curies":[{"name":"wp","href":"https:\/\/api.w.org\/{rel}","templated":true}]}}