{"id":27575,"date":"2023-11-02T15:35:41","date_gmt":"2022-05-31T19:49:29","guid":{"rendered":"https:\/\/venilia.insektenschutz365.eu\/p\/film-vetrodecor-toulouse-45x200cm\/"},"modified":"2024-03-07T07:41:04","modified_gmt":"2024-03-07T06:41:04","slug":"film-vetrodecor-toulouse-45x200cm","status":"publish","type":"product","link":"https:\/\/www.venilia.com\/fr\/p\/film-vetrodecor-toulouse-45x200cm\/","title":{"rendered":"Film Vetrod\u00e9cor Toulouse &#8211; 45x200cm"},"content":{"rendered":"<p>Film adh\u00e9sifs id\u00e9al pour la d\u00e9coration de fen\u00eatres dans votre salon ou vos sanitaires. Le film vitrodecor constitue une alternative color\u00e9e aux verres d\u00e9polis ordinaires.<\/p>\n","protected":false},"excerpt":{"rendered":"<p><UL><LI>Film adh\u00e9sif d\u00e9coratif pour vitres<\/LI><LI>d\u00e9coratif et prot\u00e8ge des regards<\/LI><LI>facile \u00e0 poser<\/LI><LI>sans Phtalate<\/LI><\/UL><\/p>\n","protected":false},"featured_media":52625,"template":"","meta":[],"product_cat":[909,910],"product_tag":[],"wcpa_form_fields":null,"tiered_pricing_type":"fixed","tiered_pricing_fixed_rules":[],"_links":{"self":[{"href":"https:\/\/www.venilia.com\/fr\/wp-json\/wp\/v2\/product\/27575"}],"collection":[{"href":"https:\/\/www.venilia.com\/fr\/wp-json\/wp\/v2\/product"}],"about":[{"href":"https:\/\/www.venilia.com\/fr\/wp-json\/wp\/v2\/types\/product"}],"wp:featuredmedia":[{"embeddable":true,"href":"https:\/\/www.venilia.com\/fr\/wp-json\/wp\/v2\/media\/52625"}],"wp:attachment":[{"href":"https:\/\/www.venilia.com\/fr\/wp-json\/wp\/v2\/media?parent=27575"}],"wp:term":[{"taxonomy":"product_cat","embeddable":true,"href":"https:\/\/www.venilia.com\/fr\/wp-json\/wp\/v2\/product_cat?post=27575"},{"taxonomy":"product_tag","embeddable":true,"href":"https:\/\/www.venilia.com\/fr\/wp-json\/wp\/v2\/product_tag?post=27575"}],"curies":[{"name":"wp","href":"https:\/\/api.w.org\/{rel}","templated":true}]}}