{"id":27539,"date":"2023-11-02T15:33:30","date_gmt":"2022-06-09T17:35:47","guid":{"rendered":"https:\/\/venilia.insektenschutz365.eu\/p\/revetement-multi-usages-venisoft-anis-40x65cm\/"},"modified":"2022-06-09T19:36:13","modified_gmt":"2022-06-09T17:36:13","slug":"revetement-multi-usages-venisoft-anis-40x65cm","status":"publish","type":"product","link":"https:\/\/www.venilia.com\/fr\/p\/revetement-multi-usages-venisoft-anis-40x65cm\/","title":{"rendered":"Rev\u00eatement multi-usages Venisoft anis &#8211; 40x65cm"},"content":{"rendered":"<p><span style=&quot;font-size:12px&quot;>Antiglisse et antichocs, le rev\u00eatement multi-usage V\u00e9nisoft est id\u00e9al pour les applications int\u00e9rieures et ext\u00e9rieures telles que la salle de bain, la cuisine, la buanderie, la salle de jeux ou la terrasse. Gr\u00e2ce aux nouvelles couleurs et motifs tendances, vous n&#39;h\u00e9siterez plus \u00e0 d\u00e9corer et prot\u00e9ger vos sols !<\/span><\/p>\n","protected":false},"excerpt":{"rendered":"<p><UL><LI>Lavable \u00e0 30\u00b0 sans essorage<\/LI><LI>Antid\u00e9rapant et antichocs<\/LI><LI>Antibact\u00e9rien<\/LI><LI>Isolant du chaud, du froid et de l\u2019humidit\u00e9<\/LI><LI>Structure a\u00e9r\u00e9e permettant l\u2019\u00e9vacuation d\u2019eau<\/LI><\/UL><\/p>\n","protected":false},"featured_media":4093,"template":"","meta":[],"product_cat":[906,907],"product_tag":[],"wcpa_form_fields":null,"tiered_pricing_type":"fixed","tiered_pricing_fixed_rules":[],"_links":{"self":[{"href":"https:\/\/www.venilia.com\/fr\/wp-json\/wp\/v2\/product\/27539"}],"collection":[{"href":"https:\/\/www.venilia.com\/fr\/wp-json\/wp\/v2\/product"}],"about":[{"href":"https:\/\/www.venilia.com\/fr\/wp-json\/wp\/v2\/types\/product"}],"wp:featuredmedia":[{"embeddable":true,"href":"https:\/\/www.venilia.com\/fr\/wp-json\/wp\/v2\/media\/4093"}],"wp:attachment":[{"href":"https:\/\/www.venilia.com\/fr\/wp-json\/wp\/v2\/media?parent=27539"}],"wp:term":[{"taxonomy":"product_cat","embeddable":true,"href":"https:\/\/www.venilia.com\/fr\/wp-json\/wp\/v2\/product_cat?post=27539"},{"taxonomy":"product_tag","embeddable":true,"href":"https:\/\/www.venilia.com\/fr\/wp-json\/wp\/v2\/product_tag?post=27539"}],"curies":[{"name":"wp","href":"https:\/\/api.w.org\/{rel}","templated":true}]}}