{"id":27371,"date":"2022-05-31T23:13:13","date_gmt":"2022-05-31T19:43:05","guid":{"rendered":"https:\/\/venilia.insektenschutz365.eu\/p\/nappe-toile-ciree-superieure-tropic-jaune-155x220cm-ovale\/"},"modified":"2023-12-10T09:18:07","modified_gmt":"2023-12-10T08:18:07","slug":"nappe-toile-ciree-superieure-tropic-jaune-155x220cm-ovale","status":"publish","type":"product","link":"https:\/\/www.venilia.com\/fr\/p\/nappe-toile-ciree-superieure-tropic-jaune-155x220cm-ovale\/","title":{"rendered":"Nappe toile cir\u00e9e sup\u00e9rieure Tropic jaune"},"content":{"rendered":"<p><strong>protection parfaite des tables<\/strong><\/p>\n<p>Le&nbsp;Les toiles cir\u00e9es premium de <strong style=\"\"font-style:normal\"\">V\u00e9nilia<\/strong> donnent \u00e0 votre salle \u00e0 manger ou votre cuisine un &nbsp;look r\u00e9solument chic et intemporel. &nbsp;Les motifs subtils et raffin\u00e9s raviront vos invit\u00e9s lors d&rsquo;occasions sp\u00e9ciales. <\/p>\n<p>En comparaison, les toiles cir\u00e9es premium de V\u00e9nilia sont relativement lourdes et donc extr\u00eamement lourdes&nbsp;&nbsp;<strong>durable<\/strong>. Une fois achet\u00e9, vous l&rsquo;avez &nbsp;certainement utilis\u00e9 depuis <strong>longtemps<\/strong> &#8211; que ce soit \u00e0 l&rsquo;int\u00e9rieur dans la salle \u00e0 manger ou \u00e0 &nbsp;l&rsquo;ext\u00e9rieur \u00e0 la table de jardin.&nbsp;Le support en tissu est compos\u00e9 de fibres de cellulose &nbsp;naturelles et est deux fois plus \u00e9pais que les autres &nbsp;nappes. Avantageux, car la toile cir\u00e9e repose fermement sur le plateau de table et &nbsp;<strong>ne glisse pas.<\/strong> De plus, le dos est agr\u00e9ablement doux et la table &nbsp;devient parfaite&nbsp;<strong>prot\u00e9g\u00e9 des rayures et de l&rsquo;usure.<\/strong>&nbsp;<\/p>\n<p>&nbsp;<\/p>\n<p><strong>Protection fiable contre les taches<\/strong><\/p>\n<p>Les taches n&rsquo;ont aucune chance ici ! La nappe offre gr\u00e2ce \u00e0 son sp\u00e9cial&nbsp;Le &nbsp;anti-taches est super <strong>performant<\/strong> et pardonne tant de glissades.&nbsp;M\u00eame le vin rouge, la sauce \u00e0 spaghetti ou le g\u00e2teau au chocolat ne laissent aucune trace &#8211; essuyez simplement avec un chiffon humide, c&rsquo;est fait. Il ne pourrait pas \u00eatre plus facile de s&rsquo;en occuper. La surface lisse de la toile cir\u00e9e n&rsquo;est &nbsp;pas seulement&nbsp;<strong>insensible<\/strong> \u00e0 la salet\u00e9, elle &nbsp;laisse aussi&nbsp;Facile \u00e0 entrer avec un &nbsp;<strong>humide<\/strong><\/p>\n<p>Il porte le \u00ab\u00a0<strong>Textile Trust Seal<\/strong>\u00a0\u00bb selon &lsquo;STANDARD100by<strong>OEKO-TEX\u00ae<\/strong>&lsquo; et peut donc entrer en &nbsp;avec des &nbsp;en &nbsp;<strong>s\u00e9curit\u00e9<\/strong>.&nbsp;<\/p>\n","protected":false},"excerpt":{"rendered":"<ul>\n<li>Nappe imperm\u00e9able aux liquides<\/li>\n<li>Hochwertiger Geweber\u00fccken aus Baumwolle + Polyester<\/li>\n<li>Nappe imperm\u00e9able aux liquides<\/li>\n<li>Produit tr\u00e8s r\u00e9sistant<\/li>\n<li>Lebensmittelecht nach OEKO-TEX Standard 100<\/li>\n<\/ul>\n","protected":false},"featured_media":53903,"template":"","meta":[],"product_cat":[930,937],"product_tag":[],"wcpa_form_fields":null,"tiered_pricing_type":"fixed","tiered_pricing_fixed_rules":[],"_links":{"self":[{"href":"https:\/\/www.venilia.com\/fr\/wp-json\/wp\/v2\/product\/27371"}],"collection":[{"href":"https:\/\/www.venilia.com\/fr\/wp-json\/wp\/v2\/product"}],"about":[{"href":"https:\/\/www.venilia.com\/fr\/wp-json\/wp\/v2\/types\/product"}],"wp:featuredmedia":[{"embeddable":true,"href":"https:\/\/www.venilia.com\/fr\/wp-json\/wp\/v2\/media\/53903"}],"wp:attachment":[{"href":"https:\/\/www.venilia.com\/fr\/wp-json\/wp\/v2\/media?parent=27371"}],"wp:term":[{"taxonomy":"product_cat","embeddable":true,"href":"https:\/\/www.venilia.com\/fr\/wp-json\/wp\/v2\/product_cat?post=27371"},{"taxonomy":"product_tag","embeddable":true,"href":"https:\/\/www.venilia.com\/fr\/wp-json\/wp\/v2\/product_tag?post=27371"}],"curies":[{"name":"wp","href":"https:\/\/api.w.org\/{rel}","templated":true}]}}