{"id":27324,"date":"2022-05-31T21:41:02","date_gmt":"2022-05-31T19:41:02","guid":{"rendered":"https:\/\/venilia.insektenschutz365.eu\/p\/nappe-lin-rouge-feu-160x160cm-carree\/"},"modified":"2022-06-01T13:00:45","modified_gmt":"2022-06-01T11:00:45","slug":"nappe-lin-rouge-feu-160x160cm-carree","status":"publish","type":"product","link":"https:\/\/www.venilia.com\/fr\/p\/nappe-lin-rouge-feu-160x160cm-carree\/","title":{"rendered":"Nappe lin rouge feu &#8211; 160x160cm, carr\u00e9e"},"content":{"rendered":"<p>El\u00e9gance et raffinement vont de pair pour ces nappes en toile coton\/lin, qui allient le charme \u00e0 l&#39;authenticit\u00e9. Un double traitement anti-taches et d\u00e9perlant Teflon\u00ae&nbsp;leur procurent une utilisation longue dur\u00e9e.<\/p>\n","protected":false},"excerpt":{"rendered":"<p><UL><LI>Nappe imperm\u00e9able aux liquides<\/LI><LI>Facile \u00e0 entretenir avec une \u00e9ponge humide<\/LI><LI>Double enduction acrylique et traitement Teflon\u00ae<\/LI><LI>Tissu 55% coton 45% lin<\/LI><LI>Certifi\u00e9 contact alimentaire<\/LI><\/UL><\/p>\n","protected":false},"featured_media":2983,"template":"","meta":[],"product_cat":[930,936],"product_tag":[],"wcpa_form_fields":null,"tiered_pricing_type":"fixed","tiered_pricing_fixed_rules":[],"_links":{"self":[{"href":"https:\/\/www.venilia.com\/fr\/wp-json\/wp\/v2\/product\/27324"}],"collection":[{"href":"https:\/\/www.venilia.com\/fr\/wp-json\/wp\/v2\/product"}],"about":[{"href":"https:\/\/www.venilia.com\/fr\/wp-json\/wp\/v2\/types\/product"}],"wp:featuredmedia":[{"embeddable":true,"href":"https:\/\/www.venilia.com\/fr\/wp-json\/wp\/v2\/media\/2983"}],"wp:attachment":[{"href":"https:\/\/www.venilia.com\/fr\/wp-json\/wp\/v2\/media?parent=27324"}],"wp:term":[{"taxonomy":"product_cat","embeddable":true,"href":"https:\/\/www.venilia.com\/fr\/wp-json\/wp\/v2\/product_cat?post=27324"},{"taxonomy":"product_tag","embeddable":true,"href":"https:\/\/www.venilia.com\/fr\/wp-json\/wp\/v2\/product_tag?post=27324"}],"curies":[{"name":"wp","href":"https:\/\/api.w.org\/{rel}","templated":true}]}}