{"id":27247,"date":"2023-11-02T15:17:18","date_gmt":"2022-06-09T17:30:11","guid":{"rendered":"https:\/\/venilia.insektenschutz365.eu\/p\/kit-de-pose-pour-adhesifs\/"},"modified":"2023-10-03T19:03:57","modified_gmt":"2023-10-03T17:03:57","slug":"kit-de-pose-pour-adhesifs","status":"publish","type":"product","link":"https:\/\/www.venilia.com\/fr\/p\/kit-de-pose-pour-adhesifs\/","title":{"rendered":"Kit de pose pour adhesifs"},"content":{"rendered":"<p>Kit de pose pour adh\u00e9sif d\u00e9coratif contenant une raclette et un cutter. Une application plus facile et un r\u00e9sultat sans bulle gr\u00e2ce au kit de pose d&#39;adh\u00e9sifs V\u00e9nilia.<\/p>\n","protected":false},"excerpt":{"rendered":"<p><UL><LI>Kit de pose adh\u00e9sifs<\/LI><LI>\u00c9vite les bulles<\/LI><LI>Facilite l&#39;application d&#39;adh\u00e9sifs<\/LI><\/UL><\/p>\n","protected":false},"featured_media":53678,"template":"","meta":[],"product_cat":[909,953],"product_tag":[],"wcpa_form_fields":null,"tiered_pricing_type":"fixed","tiered_pricing_fixed_rules":[],"_links":{"self":[{"href":"https:\/\/www.venilia.com\/fr\/wp-json\/wp\/v2\/product\/27247"}],"collection":[{"href":"https:\/\/www.venilia.com\/fr\/wp-json\/wp\/v2\/product"}],"about":[{"href":"https:\/\/www.venilia.com\/fr\/wp-json\/wp\/v2\/types\/product"}],"wp:featuredmedia":[{"embeddable":true,"href":"https:\/\/www.venilia.com\/fr\/wp-json\/wp\/v2\/media\/53678"}],"wp:attachment":[{"href":"https:\/\/www.venilia.com\/fr\/wp-json\/wp\/v2\/media?parent=27247"}],"wp:term":[{"taxonomy":"product_cat","embeddable":true,"href":"https:\/\/www.venilia.com\/fr\/wp-json\/wp\/v2\/product_cat?post=27247"},{"taxonomy":"product_tag","embeddable":true,"href":"https:\/\/www.venilia.com\/fr\/wp-json\/wp\/v2\/product_tag?post=27247"}],"curies":[{"name":"wp","href":"https:\/\/api.w.org\/{rel}","templated":true}]}}