{"id":27237,"date":"2023-11-02T15:17:18","date_gmt":"2022-06-09T17:30:11","guid":{"rendered":"https:\/\/venilia.insektenschutz365.eu\/p\/poids-boules\/"},"modified":"2022-06-09T19:30:27","modified_gmt":"2022-06-09T17:30:27","slug":"poids-boules","status":"publish","type":"product","link":"https:\/\/www.venilia.com\/fr\/p\/poids-boules\/","title":{"rendered":"Poids boules"},"content":{"rendered":"<p>Chez V\u00e9nilia, chaque d\u00e9tail a son importance. Nous vous proposons de nombreux accessoires utiles pour fixer vos nappes et \u00e9viter qu&#39;elles ne s&#39;envolent au premier courant d&#39;air : clips de fixation, poids de nappe,&#8230;<\/p>\n","protected":false},"excerpt":{"rendered":"<p><UL><LI>Clips de table en inox et plastique<\/LI><LI>\u00c9vitent \u00e0 vos nappes de s&#39;envoler<\/LI><\/UL><\/p>\n","protected":false},"featured_media":2517,"template":"","meta":[],"product_cat":[951,930],"product_tag":[],"wcpa_form_fields":null,"tiered_pricing_type":"fixed","tiered_pricing_fixed_rules":[],"_links":{"self":[{"href":"https:\/\/www.venilia.com\/fr\/wp-json\/wp\/v2\/product\/27237"}],"collection":[{"href":"https:\/\/www.venilia.com\/fr\/wp-json\/wp\/v2\/product"}],"about":[{"href":"https:\/\/www.venilia.com\/fr\/wp-json\/wp\/v2\/types\/product"}],"wp:featuredmedia":[{"embeddable":true,"href":"https:\/\/www.venilia.com\/fr\/wp-json\/wp\/v2\/media\/2517"}],"wp:attachment":[{"href":"https:\/\/www.venilia.com\/fr\/wp-json\/wp\/v2\/media?parent=27237"}],"wp:term":[{"taxonomy":"product_cat","embeddable":true,"href":"https:\/\/www.venilia.com\/fr\/wp-json\/wp\/v2\/product_cat?post=27237"},{"taxonomy":"product_tag","embeddable":true,"href":"https:\/\/www.venilia.com\/fr\/wp-json\/wp\/v2\/product_tag?post=27237"}],"curies":[{"name":"wp","href":"https:\/\/api.w.org\/{rel}","templated":true}]}}