{"id":27189,"date":"2023-11-02T15:14:14","date_gmt":"2022-05-31T19:37:17","guid":{"rendered":"https:\/\/venilia.insektenschutz365.eu\/p\/set-de-table-bbq-gris-45x30cm-rectangulaire\/"},"modified":"2022-06-01T12:50:18","modified_gmt":"2022-06-01T10:50:18","slug":"set-de-table-bbq-gris-45x30cm-rectangulaire","status":"publish","type":"product","link":"https:\/\/www.venilia.com\/fr\/p\/set-de-table-bbq-gris-45x30cm-rectangulaire\/","title":{"rendered":"Set de table BBQ gris &#8211; 45x30cm, rectangulaire"},"content":{"rendered":"<p><span style=&quot;font-size:12px&quot;>Les mod\u00e8les imprim\u00e9s, aux motifs et couleurs tendance, offrent une qualit\u00e9 de contact alimentaire optimale.<\/span><\/p>\n","protected":false},"excerpt":{"rendered":"<p><UL><LI>Haute qualit\u00e9<\/LI><LI>Facilit\u00e9 d&#39;entretien<\/LI><LI>Food contact<\/LI><\/UL><\/p>\n","protected":false},"featured_media":2283,"template":"","meta":[],"product_cat":[927,928],"product_tag":[],"wcpa_form_fields":null,"tiered_pricing_type":"fixed","tiered_pricing_fixed_rules":[],"_links":{"self":[{"href":"https:\/\/www.venilia.com\/fr\/wp-json\/wp\/v2\/product\/27189"}],"collection":[{"href":"https:\/\/www.venilia.com\/fr\/wp-json\/wp\/v2\/product"}],"about":[{"href":"https:\/\/www.venilia.com\/fr\/wp-json\/wp\/v2\/types\/product"}],"wp:featuredmedia":[{"embeddable":true,"href":"https:\/\/www.venilia.com\/fr\/wp-json\/wp\/v2\/media\/2283"}],"wp:attachment":[{"href":"https:\/\/www.venilia.com\/fr\/wp-json\/wp\/v2\/media?parent=27189"}],"wp:term":[{"taxonomy":"product_cat","embeddable":true,"href":"https:\/\/www.venilia.com\/fr\/wp-json\/wp\/v2\/product_cat?post=27189"},{"taxonomy":"product_tag","embeddable":true,"href":"https:\/\/www.venilia.com\/fr\/wp-json\/wp\/v2\/product_tag?post=27189"}],"curies":[{"name":"wp","href":"https:\/\/api.w.org\/{rel}","templated":true}]}}