{"id":27089,"date":"2023-11-02T15:07:59","date_gmt":"2022-06-09T17:28:09","guid":{"rendered":"https:\/\/venilia.insektenschutz365.eu\/p\/adhesif-marbre-blanc-90x210cm\/"},"modified":"2024-01-27T18:47:18","modified_gmt":"2024-01-27T17:47:18","slug":"adhesif-marbre-blanc-90x210cm","status":"publish","type":"product","link":"https:\/\/www.venilia.com\/fr\/p\/adhesif-marbre-blanc-90x210cm\/","title":{"rendered":"Adh\u00e9sif Marbre blanc &#8211; 90x210cm"},"content":{"rendered":"<p>Le film adh\u00e9sif vinyl Basicline est tr\u00e8s facile \u00e0 coller. Id\u00e9al pour la r\u00e9novation et la d\u00e9coration, il est r\u00e9sistant et adh\u00e8re parfaitement sur toutes les surfaces lisses.&nbsp;<\/p>\n","protected":false},"excerpt":{"rendered":"<p><UL><LI>Application facile et pratique<\/LI><LI>Temps de repositionnement 20min<\/LI><LI>R\u00e9sistance \u00e0 l&#39;eau et \u00e0 la chaleur jusqu&#39;\u00e0 50\u00b0<\/LI><LI>Film PVC adh\u00e9sif sans phtalates<\/LI><\/UL><\/p>\n","protected":false},"featured_media":54001,"template":"","meta":[],"product_cat":[909,918],"product_tag":[],"wcpa_form_fields":null,"tiered_pricing_type":"fixed","tiered_pricing_fixed_rules":[],"_links":{"self":[{"href":"https:\/\/www.venilia.com\/fr\/wp-json\/wp\/v2\/product\/27089"}],"collection":[{"href":"https:\/\/www.venilia.com\/fr\/wp-json\/wp\/v2\/product"}],"about":[{"href":"https:\/\/www.venilia.com\/fr\/wp-json\/wp\/v2\/types\/product"}],"wp:featuredmedia":[{"embeddable":true,"href":"https:\/\/www.venilia.com\/fr\/wp-json\/wp\/v2\/media\/54001"}],"wp:attachment":[{"href":"https:\/\/www.venilia.com\/fr\/wp-json\/wp\/v2\/media?parent=27089"}],"wp:term":[{"taxonomy":"product_cat","embeddable":true,"href":"https:\/\/www.venilia.com\/fr\/wp-json\/wp\/v2\/product_cat?post=27089"},{"taxonomy":"product_tag","embeddable":true,"href":"https:\/\/www.venilia.com\/fr\/wp-json\/wp\/v2\/product_tag?post=27089"}],"curies":[{"name":"wp","href":"https:\/\/api.w.org\/{rel}","templated":true}]}}