{"id":27051,"date":"2023-11-02T15:04:59","date_gmt":"2022-05-31T19:33:27","guid":{"rendered":"https:\/\/venilia.insektenschutz365.eu\/p\/protege-table-bulgomme-pvc-uni-blanc-135x180cm-rectangulaire\/"},"modified":"2024-02-11T16:38:50","modified_gmt":"2024-02-11T15:38:50","slug":"protege-table-bulgomme-pvc-uni-blanc-135x180cm-rectangulaire","status":"publish","type":"product","link":"https:\/\/www.venilia.com\/fr\/p\/protege-table-bulgomme-pvc-uni-blanc-135x180cm-rectangulaire\/","title":{"rendered":"Prot\u00e8ge-table Bulgomme\u00ae PVC uni blanc &#8211; 135x180cm, rectangulaire"},"content":{"rendered":"<p>R\u00e9alis\u00e9s \u00e0 base de mousse PVC, ces prot\u00e8ge-tables sont antid\u00e9rapants, imperm\u00e9ables et absorbent les chocs et  pour une protection optimale de la vaiselle et la table. Pratique \u00e0 utiliser et facile \u00e0 nettoyer.<\/p>\n","protected":false},"excerpt":{"rendered":"<p><UL><LI>Antid\u00e9rapant et antichocs<\/LI><LI>Imperm\u00e9able<\/LI><LI>Facile \u00e0 entretenir avec une \u00e9ponge humide<\/LI><LI>Mousse PVC 1,9mm d&#39;\u00e9paisseur, envers jersey polyester<\/LI><LI>Surface relief\u00e9e pointe de diamant<\/LI><\/UL><\/p>\n","protected":false},"featured_media":1631,"template":"","meta":[],"product_cat":[923,924],"product_tag":[],"wcpa_form_fields":null,"tiered_pricing_type":"fixed","tiered_pricing_fixed_rules":[],"_links":{"self":[{"href":"https:\/\/www.venilia.com\/fr\/wp-json\/wp\/v2\/product\/27051"}],"collection":[{"href":"https:\/\/www.venilia.com\/fr\/wp-json\/wp\/v2\/product"}],"about":[{"href":"https:\/\/www.venilia.com\/fr\/wp-json\/wp\/v2\/types\/product"}],"wp:featuredmedia":[{"embeddable":true,"href":"https:\/\/www.venilia.com\/fr\/wp-json\/wp\/v2\/media\/1631"}],"wp:attachment":[{"href":"https:\/\/www.venilia.com\/fr\/wp-json\/wp\/v2\/media?parent=27051"}],"wp:term":[{"taxonomy":"product_cat","embeddable":true,"href":"https:\/\/www.venilia.com\/fr\/wp-json\/wp\/v2\/product_cat?post=27051"},{"taxonomy":"product_tag","embeddable":true,"href":"https:\/\/www.venilia.com\/fr\/wp-json\/wp\/v2\/product_tag?post=27051"}],"curies":[{"name":"wp","href":"https:\/\/api.w.org\/{rel}","templated":true}]}}