{"id":27028,"date":"2023-11-02T15:02:57","date_gmt":"2022-05-31T19:31:44","guid":{"rendered":"https:\/\/venilia.insektenschutz365.eu\/p\/film-vitrostatique-pierre-45x150cm\/"},"modified":"2024-08-09T17:48:51","modified_gmt":"2024-08-09T15:48:51","slug":"film-vitrostatique-pierre-45x150cm","status":"publish","type":"product","link":"https:\/\/www.venilia.com\/fr\/p\/film-vitrostatique-pierre-45x150cm\/","title":{"rendered":"Film vitrostatique Pierre &#8211; 45x150cm"},"content":{"rendered":"<p>Ces films sans colle vous mettent \u00e0 l&#39;abri des regards indiscrets, tout en laissant passer la lumi\u00e8re. Faciles \u00e0 poser, ils peuvent \u00eatre utilis\u00e9s sur les carreaux de fen\u00eatres (faces int\u00e9rieures), les portes vitr\u00e9es et les cabines de douche. Un grand classique de V\u00e9nilia !<\/p>\n","protected":false},"excerpt":{"rendered":"<p><UL><LI>Application facile, sans colle<\/LI><LI>Repositionnable \u00e0 l&#39;infini<\/LI><LI>R\u00e9sistance \u00e0 l&#39;eau et \u00e0 la chaleur jusqu&#39;\u00e0 50\u00b0<\/LI><LI>Protection des regards<\/LI><LI>Film vitrostatique haut de gamme avec une \u00e9paisseur sup\u00e9rieure<\/LI><LI>Film PVC sans phtalates<\/LI><\/UL><\/p>\n","protected":false},"featured_media":1536,"template":"","meta":[],"product_cat":[909,911],"product_tag":[],"wcpa_form_fields":null,"tiered_pricing_type":"fixed","tiered_pricing_fixed_rules":[],"_links":{"self":[{"href":"https:\/\/www.venilia.com\/fr\/wp-json\/wp\/v2\/product\/27028"}],"collection":[{"href":"https:\/\/www.venilia.com\/fr\/wp-json\/wp\/v2\/product"}],"about":[{"href":"https:\/\/www.venilia.com\/fr\/wp-json\/wp\/v2\/types\/product"}],"wp:featuredmedia":[{"embeddable":true,"href":"https:\/\/www.venilia.com\/fr\/wp-json\/wp\/v2\/media\/1536"}],"wp:attachment":[{"href":"https:\/\/www.venilia.com\/fr\/wp-json\/wp\/v2\/media?parent=27028"}],"wp:term":[{"taxonomy":"product_cat","embeddable":true,"href":"https:\/\/www.venilia.com\/fr\/wp-json\/wp\/v2\/product_cat?post=27028"},{"taxonomy":"product_tag","embeddable":true,"href":"https:\/\/www.venilia.com\/fr\/wp-json\/wp\/v2\/product_tag?post=27028"}],"curies":[{"name":"wp","href":"https:\/\/api.w.org\/{rel}","templated":true}]}}