{"id":26961,"date":"2023-11-02T14:58:25","date_gmt":"2022-06-09T17:25:39","guid":{"rendered":"https:\/\/venilia.insektenschutz365.eu\/p\/perfect-fix-adhesif-chene-rustique-45x200cm\/"},"modified":"2022-11-17T19:15:43","modified_gmt":"2022-11-17T18:15:43","slug":"perfect-fix-adhesif-chene-rustique-45x200cm","status":"publish","type":"product","link":"https:\/\/www.venilia.com\/fr\/p\/perfect-fix-adhesif-chene-rustique-45x200cm\/","title":{"rendered":"Perfect Fix\u00ae Adh\u00e9sif Ch\u00eane rustique &#8211; 45x200cm"},"content":{"rendered":"<p><span style=&quot;font-size:12px&quot;>Nos adh\u00e9sifs imprim\u00e9s s&#39;inscrivent dans les tendances: esprit v\u00e9g\u00e9tal, motifs g\u00e9om\u00e9triques et effets 3D. Choisissez le motif qui vous plait pour d\u00e9corer votre bureau, votre porte, votre chambre ou autre objet de la maison!<\/span><\/p>\n","protected":false},"excerpt":{"rendered":"<p><UL><LI>Application facile et pratique<\/LI><LI>Temps de repositionnement 20min<\/LI><LI>R\u00e9sistance \u00e0 l&#39;eau et \u00e0 la chaleur jusqu&#39;\u00e0 50\u00b0<\/LI><LI>Film PVC adh\u00e9sif sans phtalates<\/LI><\/UL><\/p>\n","protected":false},"featured_media":1237,"template":"","meta":[],"product_cat":[909,913],"product_tag":[],"wcpa_form_fields":null,"tiered_pricing_type":"fixed","tiered_pricing_fixed_rules":[],"_links":{"self":[{"href":"https:\/\/www.venilia.com\/fr\/wp-json\/wp\/v2\/product\/26961"}],"collection":[{"href":"https:\/\/www.venilia.com\/fr\/wp-json\/wp\/v2\/product"}],"about":[{"href":"https:\/\/www.venilia.com\/fr\/wp-json\/wp\/v2\/types\/product"}],"wp:featuredmedia":[{"embeddable":true,"href":"https:\/\/www.venilia.com\/fr\/wp-json\/wp\/v2\/media\/1237"}],"wp:attachment":[{"href":"https:\/\/www.venilia.com\/fr\/wp-json\/wp\/v2\/media?parent=26961"}],"wp:term":[{"taxonomy":"product_cat","embeddable":true,"href":"https:\/\/www.venilia.com\/fr\/wp-json\/wp\/v2\/product_cat?post=26961"},{"taxonomy":"product_tag","embeddable":true,"href":"https:\/\/www.venilia.com\/fr\/wp-json\/wp\/v2\/product_tag?post=26961"}],"curies":[{"name":"wp","href":"https:\/\/api.w.org\/{rel}","templated":true}]}}