{"id":26922,"date":"2023-11-02T14:57:02","date_gmt":"2022-06-09T17:25:15","guid":{"rendered":"https:\/\/venilia.insektenschutz365.eu\/p\/adhesif-mosaique-45x150cm\/"},"modified":"2024-04-07T17:49:27","modified_gmt":"2024-04-07T15:49:27","slug":"adhesif-mosaique-45x150cm","status":"publish","type":"product","link":"https:\/\/www.venilia.com\/fr\/p\/adhesif-mosaique-45x150cm\/","title":{"rendered":"Adh\u00e9sif Mosaique &#8211; 45x150cm"},"content":{"rendered":"<p>Le film adh\u00e9sif vinyl Basicline est tr\u00e8s facile \u00e0 coller. Id\u00e9al pour la r\u00e9novation et la d\u00e9coration, il est r\u00e9sistant et adh\u00e8re parfaitement sur toutes les surfaces lisses.&nbsp;<\/p>\n","protected":false},"excerpt":{"rendered":"<p><UL><LI>Application facile et pratique<\/LI><LI>Temps de repositionnement 20min<\/LI><LI>R\u00e9sistance \u00e0 l&#39;eau et \u00e0 la chaleur jusqu&#39;\u00e0 50\u00b0<\/LI><LI>Film PVC adh\u00e9sif sans phtalates<\/LI><\/UL><\/p>\n","protected":false},"featured_media":1092,"template":"","meta":[],"product_cat":[909,918],"product_tag":[],"wcpa_form_fields":null,"tiered_pricing_type":"fixed","tiered_pricing_fixed_rules":[],"_links":{"self":[{"href":"https:\/\/www.venilia.com\/fr\/wp-json\/wp\/v2\/product\/26922"}],"collection":[{"href":"https:\/\/www.venilia.com\/fr\/wp-json\/wp\/v2\/product"}],"about":[{"href":"https:\/\/www.venilia.com\/fr\/wp-json\/wp\/v2\/types\/product"}],"wp:featuredmedia":[{"embeddable":true,"href":"https:\/\/www.venilia.com\/fr\/wp-json\/wp\/v2\/media\/1092"}],"wp:attachment":[{"href":"https:\/\/www.venilia.com\/fr\/wp-json\/wp\/v2\/media?parent=26922"}],"wp:term":[{"taxonomy":"product_cat","embeddable":true,"href":"https:\/\/www.venilia.com\/fr\/wp-json\/wp\/v2\/product_cat?post=26922"},{"taxonomy":"product_tag","embeddable":true,"href":"https:\/\/www.venilia.com\/fr\/wp-json\/wp\/v2\/product_tag?post=26922"}],"curies":[{"name":"wp","href":"https:\/\/api.w.org\/{rel}","templated":true}]}}